{"id":29713,"date":"2024-12-01T22:22:56","date_gmt":"2024-12-01T21:22:56","guid":{"rendered":"https:\/\/ibex-gin.ch\/produit\/ibex-gin-limited-edition-box\/"},"modified":"2025-02-02T17:24:15","modified_gmt":"2025-02-02T16:24:15","slug":"ibex-gin-limited-edition-box","status":"publish","type":"product","link":"https:\/\/ibex-gin.ch\/en\/produit\/ibex-gin-limited-edition-box\/","title":{"rendered":"Ibex Gin &#8211; Limited Edition Box"},"content":{"rendered":"<h2>Discover the exclusive contents of this limited edition:<\/h2>\n<ul>\n<li><strong>1 bottle of Ibex Gin Red Chili Edition<\/strong>: An explosion of spices and citrus fruits for bold creations.<\/li>\n<li><strong>4 mignonettes (50 ml)<\/strong>:\n<ul>\n<li>Ibex Classic Gin<\/li>\n<li>Limoncello<\/li>\n<li>Mandarinello<\/li>\n<li>Demon&#8217;s Liqueur<\/li>\n<\/ul>\n<\/li>\n<li><strong>2 premium tonics<\/strong>: Ideal for enhancing your blends.<\/li>\n<li><strong>Spices and garnishes for cocktails :<\/strong>\n<ul>\n<li>Pink pepper: A delicately spicy, elegant touch.<\/li>\n<li>Juniper berries: Gin&#8217;s signature aroma to enhance your creations.<\/li>\n<li>Dried lemon and orange slices: For a visual and taste finish.<\/li>\n<li>Ginger: A hint of spicy freshness.<\/li>\n<\/ul>\n<\/li>\n<\/ul>\n<p>This set is an invitation to explore the flavors of Ibex Gin and prepare sophisticated cocktails. Perfect for an aperitif with friends, a tasting party or a creative moment. <\/p>\n<p style=\"text-align: center;font-size: 18px;font-weight: bold;color: #e63946\">\ud83c\udf81 A unique gift idea or a treat for yourself!<\/p>\n","protected":false},"excerpt":{"rendered":"<p>Discover the world of<strong>Ibex Gin<\/strong> with this limited-edition tin, ideal for lovers of refined cocktails and authentic flavors. \ud83c\udf81<\/p>\n","protected":false},"featured_media":29707,"comment_status":"open","ping_status":"closed","template":"","meta":{"jetpack_post_was_ever_published":false,"jetpack_publicize_message":"","jetpack_publicize_feature_enabled":true,"jetpack_social_post_already_shared":true,"jetpack_social_options":{"image_generator_settings":{"template":"highway","default_image_id":0,"font":"","enabled":false},"version":2}},"product_brand":[],"product_cat":[49],"product_tag":[],"class_list":{"0":"post-29713","1":"product","2":"type-product","3":"status-publish","4":"has-post-thumbnail","6":"product_cat-unclassified","8":"first","9":"instock","10":"taxable","11":"shipping-taxable","12":"purchasable","13":"product-type-simple"},"yoast_head":"<!-- This site is optimized with the Yoast SEO Premium plugin v27.2 (Yoast SEO v27.4) - https:\/\/yoast.com\/product\/yoast-seo-premium-wordpress\/ -->\n<title>Ibex Gin - Limited Edition Box: An explosion of spices and citrus - Ibex Gin<\/title>\n<meta name=\"description\" content=\"Discover the limited edition Ibex Gin Red Chili in this exclusive box. An explosion of spicy and citrus flavors for bold cocktails. Buy now!\" \/>\n<meta name=\"robots\" content=\"index, follow, max-snippet:-1, max-image-preview:large, max-video-preview:-1\" \/>\n<link rel=\"canonical\" href=\"https:\/\/ibex-gin.ch\/en\/produit\/ibex-gin-limited-edition-box\/\" \/>\n<meta property=\"og:locale\" content=\"en_US\" \/>\n<meta property=\"og:type\" content=\"article\" \/>\n<meta property=\"og:title\" content=\"Ibex Gin - Limited Edition Box\" \/>\n<meta property=\"og:description\" content=\"Discover the limited edition Ibex Gin Red Chili in this exclusive box. An explosion of spicy and citrus flavors for bold cocktails. Buy now!\" \/>\n<meta property=\"og:url\" content=\"https:\/\/ibex-gin.ch\/en\/produit\/ibex-gin-limited-edition-box\/\" \/>\n<meta property=\"og:site_name\" content=\"Ibex Gin\" \/>\n<meta property=\"article:publisher\" content=\"https:\/\/www.facebook.com\/Ibex.gin\" \/>\n<meta property=\"article:modified_time\" content=\"2025-02-02T16:24:15+00:00\" \/>\n<meta property=\"og:image\" content=\"https:\/\/i0.wp.com\/ibex-gin.ch\/wp-content\/uploads\/2024\/12\/IMG_2841-scaled.jpeg?fit=2560%2C2560&ssl=1\" \/>\n\t<meta property=\"og:image:width\" content=\"2560\" \/>\n\t<meta property=\"og:image:height\" content=\"2560\" \/>\n\t<meta property=\"og:image:type\" content=\"image\/jpeg\" \/>\n<meta name=\"twitter:card\" content=\"summary_large_image\" \/>\n<meta name=\"twitter:label1\" content=\"Price\" \/>\n\t<meta name=\"twitter:data1\" content=\"&#067;&#072;&#070;&nbsp;69.00\" \/>\n\t<meta name=\"twitter:label2\" content=\"Availability\" \/>\n\t<meta name=\"twitter:data2\" content=\"In stock\" \/>\n<script type=\"application\/ld+json\" class=\"yoast-schema-graph\">{\"@context\":\"https:\\\/\\\/schema.org\",\"@graph\":[{\"@type\":\"WebPage\",\"@id\":\"https:\\\/\\\/ibex-gin.ch\\\/en\\\/produit\\\/ibex-gin-limited-edition-box\\\/\",\"url\":\"https:\\\/\\\/ibex-gin.ch\\\/en\\\/produit\\\/ibex-gin-limited-edition-box\\\/\",\"name\":\"Ibex Gin - Limited Edition Box: An explosion of spices and citrus - Ibex Gin\",\"isPartOf\":{\"@id\":\"https:\\\/\\\/ibex-gin.ch\\\/en\\\/#website\"},\"primaryImageOfPage\":{\"@id\":\"https:\\\/\\\/ibex-gin.ch\\\/en\\\/produit\\\/ibex-gin-limited-edition-box\\\/#primaryimage\"},\"image\":{\"@id\":\"https:\\\/\\\/ibex-gin.ch\\\/en\\\/produit\\\/ibex-gin-limited-edition-box\\\/#primaryimage\"},\"thumbnailUrl\":\"https:\\\/\\\/i0.wp.com\\\/ibex-gin.ch\\\/wp-content\\\/uploads\\\/2024\\\/12\\\/IMG_2841-scaled.jpeg?fit=2560%2C2560&ssl=1\",\"datePublished\":\"2024-12-01T21:22:56+00:00\",\"dateModified\":\"2025-02-02T16:24:15+00:00\",\"description\":\"Discover the limited edition Ibex Gin Red Chili in this exclusive box. An explosion of spicy and citrus flavors for bold cocktails. Buy now!\",\"breadcrumb\":{\"@id\":\"https:\\\/\\\/ibex-gin.ch\\\/en\\\/produit\\\/ibex-gin-limited-edition-box\\\/#breadcrumb\"},\"inLanguage\":\"en-US\",\"potentialAction\":[{\"@type\":\"ReadAction\",\"target\":[\"https:\\\/\\\/ibex-gin.ch\\\/en\\\/produit\\\/ibex-gin-limited-edition-box\\\/\"]}]},{\"@type\":\"ImageObject\",\"inLanguage\":\"en-US\",\"@id\":\"https:\\\/\\\/ibex-gin.ch\\\/en\\\/produit\\\/ibex-gin-limited-edition-box\\\/#primaryimage\",\"url\":\"https:\\\/\\\/i0.wp.com\\\/ibex-gin.ch\\\/wp-content\\\/uploads\\\/2024\\\/12\\\/IMG_2841-scaled.jpeg?fit=2560%2C2560&ssl=1\",\"contentUrl\":\"https:\\\/\\\/i0.wp.com\\\/ibex-gin.ch\\\/wp-content\\\/uploads\\\/2024\\\/12\\\/IMG_2841-scaled.jpeg?fit=2560%2C2560&ssl=1\",\"width\":2560,\"height\":2560},{\"@type\":\"BreadcrumbList\",\"@id\":\"https:\\\/\\\/ibex-gin.ch\\\/en\\\/produit\\\/ibex-gin-limited-edition-box\\\/#breadcrumb\",\"itemListElement\":[{\"@type\":\"ListItem\",\"position\":1,\"name\":\"Accueil\",\"item\":\"https:\\\/\\\/ibex-gin.ch\\\/en\\\/\"},{\"@type\":\"ListItem\",\"position\":2,\"name\":\"Store\",\"item\":\"https:\\\/\\\/ibex-gin.ch\\\/en\\\/shop\\\/\"},{\"@type\":\"ListItem\",\"position\":3,\"name\":\"Ibex Gin &#8211; Limited Edition Box\"}]},{\"@type\":\"WebSite\",\"@id\":\"https:\\\/\\\/ibex-gin.ch\\\/en\\\/#website\",\"url\":\"https:\\\/\\\/ibex-gin.ch\\\/en\\\/\",\"name\":\"Ibex Gin\",\"description\":\"\",\"publisher\":{\"@id\":\"https:\\\/\\\/ibex-gin.ch\\\/en\\\/#organization\"},\"potentialAction\":[{\"@type\":\"SearchAction\",\"target\":{\"@type\":\"EntryPoint\",\"urlTemplate\":\"https:\\\/\\\/ibex-gin.ch\\\/en\\\/?s={search_term_string}\"},\"query-input\":{\"@type\":\"PropertyValueSpecification\",\"valueRequired\":true,\"valueName\":\"search_term_string\"}}],\"inLanguage\":\"en-US\"},{\"@type\":\"Organization\",\"@id\":\"https:\\\/\\\/ibex-gin.ch\\\/en\\\/#organization\",\"name\":\"Ibex Gin\",\"url\":\"https:\\\/\\\/ibex-gin.ch\\\/en\\\/\",\"logo\":{\"@type\":\"ImageObject\",\"inLanguage\":\"en-US\",\"@id\":\"https:\\\/\\\/ibex-gin.ch\\\/en\\\/#\\\/schema\\\/logo\\\/image\\\/\",\"url\":\"https:\\\/\\\/ibex-gin.ch\\\/wp-content\\\/uploads\\\/2022\\\/01\\\/cropped-Ibex_Logo_2021-2.png\",\"contentUrl\":\"https:\\\/\\\/ibex-gin.ch\\\/wp-content\\\/uploads\\\/2022\\\/01\\\/cropped-Ibex_Logo_2021-2.png\",\"width\":1583,\"height\":1181,\"caption\":\"Ibex Gin\"},\"image\":{\"@id\":\"https:\\\/\\\/ibex-gin.ch\\\/en\\\/#\\\/schema\\\/logo\\\/image\\\/\"},\"sameAs\":[\"https:\\\/\\\/www.facebook.com\\\/Ibex.gin\",\"https:\\\/\\\/www.instagram.com\\\/ibex.gin\\\/\"]}]}<\/script>\n<meta property=\"product:price:amount\" content=\"69.00\" \/>\n<meta property=\"product:price:currency\" content=\"CHF\" \/>\n<meta property=\"og:availability\" content=\"instock\" \/>\n<meta property=\"product:availability\" content=\"instock\" \/>\n<meta property=\"product:condition\" content=\"new\" \/>\n<!-- \/ Yoast SEO Premium plugin. -->","yoast_head_json":{"title":"Ibex Gin - Limited Edition Box: An explosion of spices and citrus - Ibex Gin","description":"Discover the limited edition Ibex Gin Red Chili in this exclusive box. An explosion of spicy and citrus flavors for bold cocktails. Buy now!","robots":{"index":"index","follow":"follow","max-snippet":"max-snippet:-1","max-image-preview":"max-image-preview:large","max-video-preview":"max-video-preview:-1"},"canonical":"https:\/\/ibex-gin.ch\/en\/produit\/ibex-gin-limited-edition-box\/","og_locale":"en_US","og_type":"article","og_title":"Ibex Gin - Limited Edition Box","og_description":"Discover the limited edition Ibex Gin Red Chili in this exclusive box. An explosion of spicy and citrus flavors for bold cocktails. Buy now!","og_url":"https:\/\/ibex-gin.ch\/en\/produit\/ibex-gin-limited-edition-box\/","og_site_name":"Ibex Gin","article_publisher":"https:\/\/www.facebook.com\/Ibex.gin","article_modified_time":"2025-02-02T16:24:15+00:00","og_image":[{"width":2560,"height":2560,"url":"https:\/\/i0.wp.com\/ibex-gin.ch\/wp-content\/uploads\/2024\/12\/IMG_2841-scaled.jpeg?fit=2560%2C2560&ssl=1","type":"image\/jpeg"}],"twitter_card":"summary_large_image","twitter_misc":{"Price":"&#67;&#72;&#70;&nbsp;69.00","Availability":"In stock"},"schema":{"@context":"https:\/\/schema.org","@graph":[{"@type":"WebPage","@id":"https:\/\/ibex-gin.ch\/en\/produit\/ibex-gin-limited-edition-box\/","url":"https:\/\/ibex-gin.ch\/en\/produit\/ibex-gin-limited-edition-box\/","name":"Ibex Gin - Limited Edition Box: An explosion of spices and citrus - Ibex Gin","isPartOf":{"@id":"https:\/\/ibex-gin.ch\/en\/#website"},"primaryImageOfPage":{"@id":"https:\/\/ibex-gin.ch\/en\/produit\/ibex-gin-limited-edition-box\/#primaryimage"},"image":{"@id":"https:\/\/ibex-gin.ch\/en\/produit\/ibex-gin-limited-edition-box\/#primaryimage"},"thumbnailUrl":"https:\/\/i0.wp.com\/ibex-gin.ch\/wp-content\/uploads\/2024\/12\/IMG_2841-scaled.jpeg?fit=2560%2C2560&ssl=1","datePublished":"2024-12-01T21:22:56+00:00","dateModified":"2025-02-02T16:24:15+00:00","description":"Discover the limited edition Ibex Gin Red Chili in this exclusive box. An explosion of spicy and citrus flavors for bold cocktails. Buy now!","breadcrumb":{"@id":"https:\/\/ibex-gin.ch\/en\/produit\/ibex-gin-limited-edition-box\/#breadcrumb"},"inLanguage":"en-US","potentialAction":[{"@type":"ReadAction","target":["https:\/\/ibex-gin.ch\/en\/produit\/ibex-gin-limited-edition-box\/"]}]},{"@type":"ImageObject","inLanguage":"en-US","@id":"https:\/\/ibex-gin.ch\/en\/produit\/ibex-gin-limited-edition-box\/#primaryimage","url":"https:\/\/i0.wp.com\/ibex-gin.ch\/wp-content\/uploads\/2024\/12\/IMG_2841-scaled.jpeg?fit=2560%2C2560&ssl=1","contentUrl":"https:\/\/i0.wp.com\/ibex-gin.ch\/wp-content\/uploads\/2024\/12\/IMG_2841-scaled.jpeg?fit=2560%2C2560&ssl=1","width":2560,"height":2560},{"@type":"BreadcrumbList","@id":"https:\/\/ibex-gin.ch\/en\/produit\/ibex-gin-limited-edition-box\/#breadcrumb","itemListElement":[{"@type":"ListItem","position":1,"name":"Accueil","item":"https:\/\/ibex-gin.ch\/en\/"},{"@type":"ListItem","position":2,"name":"Store","item":"https:\/\/ibex-gin.ch\/en\/shop\/"},{"@type":"ListItem","position":3,"name":"Ibex Gin &#8211; Limited Edition Box"}]},{"@type":"WebSite","@id":"https:\/\/ibex-gin.ch\/en\/#website","url":"https:\/\/ibex-gin.ch\/en\/","name":"Ibex Gin","description":"","publisher":{"@id":"https:\/\/ibex-gin.ch\/en\/#organization"},"potentialAction":[{"@type":"SearchAction","target":{"@type":"EntryPoint","urlTemplate":"https:\/\/ibex-gin.ch\/en\/?s={search_term_string}"},"query-input":{"@type":"PropertyValueSpecification","valueRequired":true,"valueName":"search_term_string"}}],"inLanguage":"en-US"},{"@type":"Organization","@id":"https:\/\/ibex-gin.ch\/en\/#organization","name":"Ibex Gin","url":"https:\/\/ibex-gin.ch\/en\/","logo":{"@type":"ImageObject","inLanguage":"en-US","@id":"https:\/\/ibex-gin.ch\/en\/#\/schema\/logo\/image\/","url":"https:\/\/ibex-gin.ch\/wp-content\/uploads\/2022\/01\/cropped-Ibex_Logo_2021-2.png","contentUrl":"https:\/\/ibex-gin.ch\/wp-content\/uploads\/2022\/01\/cropped-Ibex_Logo_2021-2.png","width":1583,"height":1181,"caption":"Ibex Gin"},"image":{"@id":"https:\/\/ibex-gin.ch\/en\/#\/schema\/logo\/image\/"},"sameAs":["https:\/\/www.facebook.com\/Ibex.gin","https:\/\/www.instagram.com\/ibex.gin\/"]}]},"product_price_amount":"69.00","product_price_currency":"CHF","og_availability":"instock","product_availability":"instock","product_condition":"new"},"jetpack_publicize_connections":[],"jetpack-related-posts":[{"id":29417,"url":"https:\/\/ibex-gin.ch\/en\/produit\/ibex-gin-classic-edition\/","url_meta":{"origin":29713,"position":0},"title":"Ibex Gin Classic Edition","author":"Dumont Oscar","date":"11 December 2022","format":false,"excerpt":"The Gin Classic Edition has a silky texture in the mouth, a generous attack on juniper, a nice presence of orange and a finish on spices and particularly pepper. Nice balance, pleasant roundness with a good length. \u00a0","rel":"","context":"Similar post","block_context":{"text":"Similar post","link":""},"img":{"alt_text":"","src":"https:\/\/i0.wp.com\/ibex-gin.ch\/wp-content\/uploads\/2022\/12\/IBEX-gin-classic.png?fit=1200%2C1200&ssl=1&resize=350%2C200","width":350,"height":200,"srcset":"https:\/\/i0.wp.com\/ibex-gin.ch\/wp-content\/uploads\/2022\/12\/IBEX-gin-classic.png?fit=1200%2C1200&ssl=1&resize=350%2C200 1x, https:\/\/i0.wp.com\/ibex-gin.ch\/wp-content\/uploads\/2022\/12\/IBEX-gin-classic.png?fit=1200%2C1200&ssl=1&resize=525%2C300 1.5x, https:\/\/i0.wp.com\/ibex-gin.ch\/wp-content\/uploads\/2022\/12\/IBEX-gin-classic.png?fit=1200%2C1200&ssl=1&resize=700%2C400 2x, https:\/\/i0.wp.com\/ibex-gin.ch\/wp-content\/uploads\/2022\/12\/IBEX-gin-classic.png?fit=1200%2C1200&ssl=1&resize=1050%2C600 3x"},"classes":[]},{"id":29526,"url":"https:\/\/ibex-gin.ch\/en\/produit\/minionette-ibex-gin-classic-edition\/","url_meta":{"origin":29713,"position":1},"title":"Mini Ibex Gin Classic Edition","author":"Dumont Oscar","date":"18 May 2024","format":false,"excerpt":"The Gin Classic Edition has a silky texture in the mouth, a generous attack on juniper, a nice presence of orange and a finish on spices and particularly pepper. Nice balance, pleasant roundness with a good length. \u00a0","rel":"","context":"Similar post","block_context":{"text":"Similar post","link":""},"img":{"alt_text":"","src":"https:\/\/i0.wp.com\/ibex-gin.ch\/wp-content\/uploads\/2024\/05\/Classic-Mini-2.png?fit=1200%2C1200&ssl=1&resize=350%2C200","width":350,"height":200,"srcset":"https:\/\/i0.wp.com\/ibex-gin.ch\/wp-content\/uploads\/2024\/05\/Classic-Mini-2.png?fit=1200%2C1200&ssl=1&resize=350%2C200 1x, https:\/\/i0.wp.com\/ibex-gin.ch\/wp-content\/uploads\/2024\/05\/Classic-Mini-2.png?fit=1200%2C1200&ssl=1&resize=525%2C300 1.5x, https:\/\/i0.wp.com\/ibex-gin.ch\/wp-content\/uploads\/2024\/05\/Classic-Mini-2.png?fit=1200%2C1200&ssl=1&resize=700%2C400 2x, https:\/\/i0.wp.com\/ibex-gin.ch\/wp-content\/uploads\/2024\/05\/Classic-Mini-2.png?fit=1200%2C1200&ssl=1&resize=1050%2C600 3x"},"classes":[]},{"id":29528,"url":"https:\/\/ibex-gin.ch\/en\/produit\/miniature-ibex-alpine-swiss-gin-red-chili-edition\/","url_meta":{"origin":29713,"position":2},"title":"Mini IBEX ALPINE SWISS GIN Red Chili edition","author":"Dumont Oscar","date":"18 May 2024","format":false,"excerpt":"Ibex Gin Red Chili edition is a dry gin with an intense, expressive nose, first revealing citrus notes, then a vegetal side with juniper and a subtle chili pepper. It has a lovely texture on the palate, the chili pepper giving a spicy start which then harmonizes with the citrus\u2026","rel":"","context":"Similar post","block_context":{"text":"Similar post","link":""},"img":{"alt_text":"","src":"https:\/\/i0.wp.com\/ibex-gin.ch\/wp-content\/uploads\/2024\/05\/Red-chilli-mini_.png?fit=1200%2C1200&ssl=1&resize=350%2C200","width":350,"height":200,"srcset":"https:\/\/i0.wp.com\/ibex-gin.ch\/wp-content\/uploads\/2024\/05\/Red-chilli-mini_.png?fit=1200%2C1200&ssl=1&resize=350%2C200 1x, https:\/\/i0.wp.com\/ibex-gin.ch\/wp-content\/uploads\/2024\/05\/Red-chilli-mini_.png?fit=1200%2C1200&ssl=1&resize=525%2C300 1.5x, https:\/\/i0.wp.com\/ibex-gin.ch\/wp-content\/uploads\/2024\/05\/Red-chilli-mini_.png?fit=1200%2C1200&ssl=1&resize=700%2C400 2x, https:\/\/i0.wp.com\/ibex-gin.ch\/wp-content\/uploads\/2024\/05\/Red-chilli-mini_.png?fit=1200%2C1200&ssl=1&resize=1050%2C600 3x"},"classes":[]},{"id":29705,"url":"https:\/\/ibex-gin.ch\/produit\/ibex-gin-limited-edition-box\/","url_meta":{"origin":29713,"position":3},"title":"Ibex Gin &#8211; Limited Edition Box","author":"Dumont Oscar","date":"1 December 2024","format":false,"excerpt":"D\u00e9couvrez l'univers d'Ibex Gin avec cette bo\u00eete en \u00e9dition limit\u00e9e, id\u00e9ale pour les amateurs de cocktails raffin\u00e9s et de saveurs authentiques. \ud83c\udf81","rel":"","context":"Similar post","block_context":{"text":"Similar post","link":""},"img":{"alt_text":"","src":"https:\/\/i0.wp.com\/ibex-gin.ch\/wp-content\/uploads\/2024\/12\/IMG_2841-scaled.jpeg?fit=1200%2C1200&ssl=1&resize=350%2C200","width":350,"height":200,"srcset":"https:\/\/i0.wp.com\/ibex-gin.ch\/wp-content\/uploads\/2024\/12\/IMG_2841-scaled.jpeg?fit=1200%2C1200&ssl=1&resize=350%2C200 1x, https:\/\/i0.wp.com\/ibex-gin.ch\/wp-content\/uploads\/2024\/12\/IMG_2841-scaled.jpeg?fit=1200%2C1200&ssl=1&resize=525%2C300 1.5x, https:\/\/i0.wp.com\/ibex-gin.ch\/wp-content\/uploads\/2024\/12\/IMG_2841-scaled.jpeg?fit=1200%2C1200&ssl=1&resize=700%2C400 2x, https:\/\/i0.wp.com\/ibex-gin.ch\/wp-content\/uploads\/2024\/12\/IMG_2841-scaled.jpeg?fit=1200%2C1200&ssl=1&resize=1050%2C600 3x"},"classes":[]},{"id":29324,"url":"https:\/\/ibex-gin.ch\/en\/produit\/hoodie-with-logo\/","url_meta":{"origin":29713,"position":4},"title":"IBEX ALPINE SWISS GIN Red Chili edition","author":"Dumont Oscar","date":"30 January 2022","format":false,"excerpt":"Ibex Gin Red Chili edition is a dry gin with an intense, expressive nose, first revealing citrus notes, then a vegetal side with juniper and a subtle chili pepper. It has a lovely texture on the palate, the chili pepper giving a spicy start which then harmonizes with the citrus\u2026","rel":"","context":"Similar post","block_context":{"text":"Similar post","link":""},"img":{"alt_text":"","src":"https:\/\/i0.wp.com\/ibex-gin.ch\/wp-content\/uploads\/2022\/01\/Ibex-gin-chili-new-design.png?fit=1200%2C1200&ssl=1&resize=350%2C200","width":350,"height":200,"srcset":"https:\/\/i0.wp.com\/ibex-gin.ch\/wp-content\/uploads\/2022\/01\/Ibex-gin-chili-new-design.png?fit=1200%2C1200&ssl=1&resize=350%2C200 1x, https:\/\/i0.wp.com\/ibex-gin.ch\/wp-content\/uploads\/2022\/01\/Ibex-gin-chili-new-design.png?fit=1200%2C1200&ssl=1&resize=525%2C300 1.5x, https:\/\/i0.wp.com\/ibex-gin.ch\/wp-content\/uploads\/2022\/01\/Ibex-gin-chili-new-design.png?fit=1200%2C1200&ssl=1&resize=700%2C400 2x, https:\/\/i0.wp.com\/ibex-gin.ch\/wp-content\/uploads\/2022\/01\/Ibex-gin-chili-new-design.png?fit=1200%2C1200&ssl=1&resize=1050%2C600 3x"},"classes":[]},{"id":29704,"url":"https:\/\/ibex-gin.ch\/en\/produit\/demons-liqueur\/","url_meta":{"origin":29713,"position":5},"title":"Demon&#8217;s Liqueur","author":"Dumont Oscar","date":"28 November 2024","format":false,"excerpt":"Liqueur of the Demon Ingredients: This product is based on Red Chili Edition gin. A second maceration with ibiscus flowers precedes a second distillation before the addition of a chilli sugar syrup. Color: Colorless and clear Nose: Lemony and floral, the syrup induces a certain sweetness. Palate: The attack is\u2026","rel":"","context":"Similar post","block_context":{"text":"Similar post","link":""},"img":{"alt_text":"","src":"https:\/\/i0.wp.com\/ibex-gin.ch\/wp-content\/uploads\/2024\/11\/liqeur-du-demon-ibex.png?fit=1200%2C1200&ssl=1&resize=350%2C200","width":350,"height":200,"srcset":"https:\/\/i0.wp.com\/ibex-gin.ch\/wp-content\/uploads\/2024\/11\/liqeur-du-demon-ibex.png?fit=1200%2C1200&ssl=1&resize=350%2C200 1x, https:\/\/i0.wp.com\/ibex-gin.ch\/wp-content\/uploads\/2024\/11\/liqeur-du-demon-ibex.png?fit=1200%2C1200&ssl=1&resize=525%2C300 1.5x, https:\/\/i0.wp.com\/ibex-gin.ch\/wp-content\/uploads\/2024\/11\/liqeur-du-demon-ibex.png?fit=1200%2C1200&ssl=1&resize=700%2C400 2x, https:\/\/i0.wp.com\/ibex-gin.ch\/wp-content\/uploads\/2024\/11\/liqeur-du-demon-ibex.png?fit=1200%2C1200&ssl=1&resize=1050%2C600 3x"},"classes":[]}],"jetpack_likes_enabled":true,"jetpack_sharing_enabled":true,"_links":{"self":[{"href":"https:\/\/ibex-gin.ch\/en\/wp-json\/wp\/v2\/product\/29713","targetHints":{"allow":["GET"]}}],"collection":[{"href":"https:\/\/ibex-gin.ch\/en\/wp-json\/wp\/v2\/product"}],"about":[{"href":"https:\/\/ibex-gin.ch\/en\/wp-json\/wp\/v2\/types\/product"}],"replies":[{"embeddable":true,"href":"https:\/\/ibex-gin.ch\/en\/wp-json\/wp\/v2\/comments?post=29713"}],"wp:featuredmedia":[{"embeddable":true,"href":"https:\/\/ibex-gin.ch\/en\/wp-json\/wp\/v2\/media\/29707"}],"wp:attachment":[{"href":"https:\/\/ibex-gin.ch\/en\/wp-json\/wp\/v2\/media?parent=29713"}],"wp:term":[{"taxonomy":"product_brand","embeddable":true,"href":"https:\/\/ibex-gin.ch\/en\/wp-json\/wp\/v2\/product_brand?post=29713"},{"taxonomy":"product_cat","embeddable":true,"href":"https:\/\/ibex-gin.ch\/en\/wp-json\/wp\/v2\/product_cat?post=29713"},{"taxonomy":"product_tag","embeddable":true,"href":"https:\/\/ibex-gin.ch\/en\/wp-json\/wp\/v2\/product_tag?post=29713"}],"curies":[{"name":"wp","href":"https:\/\/api.w.org\/{rel}","templated":true}]}}