{"id":29537,"date":"2024-06-21T09:23:15","date_gmt":"2024-06-21T07:23:15","guid":{"rendered":"https:\/\/ibex-gin.ch\/produit\/mandarinello\/"},"modified":"2024-10-23T13:19:54","modified_gmt":"2024-10-23T11:19:54","slug":"mandarinello","status":"publish","type":"product","link":"https:\/\/ibex-gin.ch\/en\/produit\/mandarinello\/","title":{"rendered":"Mandarinello"},"content":{"rendered":"<p><b>Mandarinello<\/b><\/p>\n<p><b>Name: <\/b>Mandarinello <b>Ingredients: <\/b>ORGANIC mandarin peel from Sicily, neutral Swiss alcohol, Swiss sugar and Alpine spring water.<\/p>\n<ul>\n<li><b>Color: <\/b>Deep orange with slightly milky highlights.<\/li>\n<li><b>Nose: <\/b>Intense aromas of fresh mandarin, with notes of candied zest and citrus blossom. A subtle touch of fruity sweetness, characteristic of organic mandarins. <\/li>\n<li><b>Palate:<\/b> Sweet, fruity attack, marked by an explosion of intense ripe tangerine flavors. The texture is smooth and round on the palate. <\/li>\n<li><b>Finish: <\/b>Very long, with persistent tangerine aromas and lovely freshness.<\/li>\n<\/ul>\n<p><b>Alcohol content: <\/b>20.5%.<b>Capacity: <\/b>500 ml.<\/p>\n","protected":false},"excerpt":{"rendered":"<p>Ibex Mandarinello, with its ORGANIC Sicilian mandarin peel, offers an explosion of fresh mandarin and candied zest aromas. Its smooth texture and deep orange color combine with a long, refreshing finish. An artisanal liqueur with intense, natural flavors.  <\/p>\n","protected":false},"featured_media":29587,"comment_status":"open","ping_status":"closed","template":"","meta":{"jetpack_post_was_ever_published":false,"jetpack_publicize_message":"","jetpack_publicize_feature_enabled":true,"jetpack_social_post_already_shared":true,"jetpack_social_options":{"image_generator_settings":{"template":"highway","default_image_id":0,"font":"","enabled":false},"version":2}},"product_brand":[],"product_cat":[46],"product_tag":[],"class_list":{"0":"post-29537","1":"product","2":"type-product","3":"status-publish","4":"has-post-thumbnail","6":"product_cat-spirits","8":"first","9":"instock","10":"taxable","11":"shipping-taxable","12":"purchasable","13":"product-type-simple"},"yoast_head":"<!-- This site is optimized with the Yoast SEO Premium plugin v27.2 (Yoast SEO v27.4) - https:\/\/yoast.com\/product\/yoast-seo-premium-wordpress\/ -->\n<title>Mandarinello: Low Sugar Mandarin Liqueur - Ibex Gin<\/title>\n<meta name=\"description\" content=\"Discover the delicious Mandarinello, a mandarin liqueur with a low sugar content. Its authentic flavor will delight your taste buds. Try it now!\" \/>\n<meta name=\"robots\" content=\"index, follow, max-snippet:-1, max-image-preview:large, max-video-preview:-1\" \/>\n<link rel=\"canonical\" href=\"https:\/\/ibex-gin.ch\/en\/produit\/mandarinello\/\" \/>\n<meta property=\"og:locale\" content=\"en_US\" \/>\n<meta property=\"og:type\" content=\"article\" \/>\n<meta property=\"og:title\" content=\"Mandarinello\" \/>\n<meta property=\"og:description\" content=\"Discover the delicious Mandarinello, a mandarin liqueur with a low sugar content. Its authentic flavor will delight your taste buds. Try it now!\" \/>\n<meta property=\"og:url\" content=\"https:\/\/ibex-gin.ch\/en\/produit\/mandarinello\/\" \/>\n<meta property=\"og:site_name\" content=\"Ibex Gin\" \/>\n<meta property=\"article:publisher\" content=\"https:\/\/www.facebook.com\/Ibex.gin\" \/>\n<meta property=\"article:modified_time\" content=\"2024-10-23T11:19:54+00:00\" \/>\n<meta property=\"og:image\" content=\"https:\/\/i0.wp.com\/ibex-gin.ch\/wp-content\/uploads\/2024\/06\/mandarinello-1x1-1.png?fit=683%2C683&ssl=1\" \/>\n\t<meta property=\"og:image:width\" content=\"683\" \/>\n\t<meta property=\"og:image:height\" content=\"683\" \/>\n\t<meta property=\"og:image:type\" content=\"image\/png\" \/>\n<meta name=\"twitter:card\" content=\"summary_large_image\" \/>\n<meta name=\"twitter:label1\" content=\"Price\" \/>\n\t<meta name=\"twitter:data1\" content=\"&#067;&#072;&#070;&nbsp;42.00\" \/>\n\t<meta name=\"twitter:label2\" content=\"Availability\" \/>\n\t<meta name=\"twitter:data2\" content=\"In stock\" \/>\n<script type=\"application\/ld+json\" class=\"yoast-schema-graph\">{\"@context\":\"https:\\\/\\\/schema.org\",\"@graph\":[{\"@type\":\"WebPage\",\"@id\":\"https:\\\/\\\/ibex-gin.ch\\\/en\\\/produit\\\/mandarinello\\\/\",\"url\":\"https:\\\/\\\/ibex-gin.ch\\\/en\\\/produit\\\/mandarinello\\\/\",\"name\":\"Mandarinello: Low Sugar Mandarin Liqueur - Ibex Gin\",\"isPartOf\":{\"@id\":\"https:\\\/\\\/ibex-gin.ch\\\/en\\\/#website\"},\"primaryImageOfPage\":{\"@id\":\"https:\\\/\\\/ibex-gin.ch\\\/en\\\/produit\\\/mandarinello\\\/#primaryimage\"},\"image\":{\"@id\":\"https:\\\/\\\/ibex-gin.ch\\\/en\\\/produit\\\/mandarinello\\\/#primaryimage\"},\"thumbnailUrl\":\"https:\\\/\\\/i0.wp.com\\\/ibex-gin.ch\\\/wp-content\\\/uploads\\\/2024\\\/06\\\/mandarinello-1x1-1.png?fit=683%2C683&ssl=1\",\"datePublished\":\"2024-06-21T07:23:15+00:00\",\"dateModified\":\"2024-10-23T11:19:54+00:00\",\"description\":\"Discover the delicious Mandarinello, a mandarin liqueur with a low sugar content. Its authentic flavor will delight your taste buds. Try it now!\",\"breadcrumb\":{\"@id\":\"https:\\\/\\\/ibex-gin.ch\\\/en\\\/produit\\\/mandarinello\\\/#breadcrumb\"},\"inLanguage\":\"en-US\",\"potentialAction\":[{\"@type\":\"ReadAction\",\"target\":[\"https:\\\/\\\/ibex-gin.ch\\\/en\\\/produit\\\/mandarinello\\\/\"]}]},{\"@type\":\"ImageObject\",\"inLanguage\":\"en-US\",\"@id\":\"https:\\\/\\\/ibex-gin.ch\\\/en\\\/produit\\\/mandarinello\\\/#primaryimage\",\"url\":\"https:\\\/\\\/i0.wp.com\\\/ibex-gin.ch\\\/wp-content\\\/uploads\\\/2024\\\/06\\\/mandarinello-1x1-1.png?fit=683%2C683&ssl=1\",\"contentUrl\":\"https:\\\/\\\/i0.wp.com\\\/ibex-gin.ch\\\/wp-content\\\/uploads\\\/2024\\\/06\\\/mandarinello-1x1-1.png?fit=683%2C683&ssl=1\",\"width\":683,\"height\":683,\"caption\":\"Ibex mandarinello bottle\"},{\"@type\":\"BreadcrumbList\",\"@id\":\"https:\\\/\\\/ibex-gin.ch\\\/en\\\/produit\\\/mandarinello\\\/#breadcrumb\",\"itemListElement\":[{\"@type\":\"ListItem\",\"position\":1,\"name\":\"Accueil\",\"item\":\"https:\\\/\\\/ibex-gin.ch\\\/en\\\/\"},{\"@type\":\"ListItem\",\"position\":2,\"name\":\"Store\",\"item\":\"https:\\\/\\\/ibex-gin.ch\\\/en\\\/shop\\\/\"},{\"@type\":\"ListItem\",\"position\":3,\"name\":\"Mandarinello\"}]},{\"@type\":\"WebSite\",\"@id\":\"https:\\\/\\\/ibex-gin.ch\\\/en\\\/#website\",\"url\":\"https:\\\/\\\/ibex-gin.ch\\\/en\\\/\",\"name\":\"Ibex Gin\",\"description\":\"\",\"publisher\":{\"@id\":\"https:\\\/\\\/ibex-gin.ch\\\/en\\\/#organization\"},\"potentialAction\":[{\"@type\":\"SearchAction\",\"target\":{\"@type\":\"EntryPoint\",\"urlTemplate\":\"https:\\\/\\\/ibex-gin.ch\\\/en\\\/?s={search_term_string}\"},\"query-input\":{\"@type\":\"PropertyValueSpecification\",\"valueRequired\":true,\"valueName\":\"search_term_string\"}}],\"inLanguage\":\"en-US\"},{\"@type\":\"Organization\",\"@id\":\"https:\\\/\\\/ibex-gin.ch\\\/en\\\/#organization\",\"name\":\"Ibex Gin\",\"url\":\"https:\\\/\\\/ibex-gin.ch\\\/en\\\/\",\"logo\":{\"@type\":\"ImageObject\",\"inLanguage\":\"en-US\",\"@id\":\"https:\\\/\\\/ibex-gin.ch\\\/en\\\/#\\\/schema\\\/logo\\\/image\\\/\",\"url\":\"https:\\\/\\\/ibex-gin.ch\\\/wp-content\\\/uploads\\\/2022\\\/01\\\/cropped-Ibex_Logo_2021-2.png\",\"contentUrl\":\"https:\\\/\\\/ibex-gin.ch\\\/wp-content\\\/uploads\\\/2022\\\/01\\\/cropped-Ibex_Logo_2021-2.png\",\"width\":1583,\"height\":1181,\"caption\":\"Ibex Gin\"},\"image\":{\"@id\":\"https:\\\/\\\/ibex-gin.ch\\\/en\\\/#\\\/schema\\\/logo\\\/image\\\/\"},\"sameAs\":[\"https:\\\/\\\/www.facebook.com\\\/Ibex.gin\",\"https:\\\/\\\/www.instagram.com\\\/ibex.gin\\\/\"]}]}<\/script>\n<meta property=\"product:price:amount\" content=\"42.00\" \/>\n<meta property=\"product:price:currency\" content=\"CHF\" \/>\n<meta property=\"og:availability\" content=\"instock\" \/>\n<meta property=\"product:availability\" content=\"instock\" \/>\n<meta property=\"product:retailer_item_id\" content=\"MAN001\" \/>\n<meta property=\"product:condition\" content=\"new\" \/>\n<!-- \/ Yoast SEO Premium plugin. -->","yoast_head_json":{"title":"Mandarinello: Low Sugar Mandarin Liqueur - Ibex Gin","description":"Discover the delicious Mandarinello, a mandarin liqueur with a low sugar content. Its authentic flavor will delight your taste buds. Try it now!","robots":{"index":"index","follow":"follow","max-snippet":"max-snippet:-1","max-image-preview":"max-image-preview:large","max-video-preview":"max-video-preview:-1"},"canonical":"https:\/\/ibex-gin.ch\/en\/produit\/mandarinello\/","og_locale":"en_US","og_type":"article","og_title":"Mandarinello","og_description":"Discover the delicious Mandarinello, a mandarin liqueur with a low sugar content. Its authentic flavor will delight your taste buds. Try it now!","og_url":"https:\/\/ibex-gin.ch\/en\/produit\/mandarinello\/","og_site_name":"Ibex Gin","article_publisher":"https:\/\/www.facebook.com\/Ibex.gin","article_modified_time":"2024-10-23T11:19:54+00:00","og_image":[{"width":683,"height":683,"url":"https:\/\/i0.wp.com\/ibex-gin.ch\/wp-content\/uploads\/2024\/06\/mandarinello-1x1-1.png?fit=683%2C683&ssl=1","type":"image\/png"}],"twitter_card":"summary_large_image","twitter_misc":{"Price":"&#67;&#72;&#70;&nbsp;42.00","Availability":"In stock"},"schema":{"@context":"https:\/\/schema.org","@graph":[{"@type":"WebPage","@id":"https:\/\/ibex-gin.ch\/en\/produit\/mandarinello\/","url":"https:\/\/ibex-gin.ch\/en\/produit\/mandarinello\/","name":"Mandarinello: Low Sugar Mandarin Liqueur - Ibex Gin","isPartOf":{"@id":"https:\/\/ibex-gin.ch\/en\/#website"},"primaryImageOfPage":{"@id":"https:\/\/ibex-gin.ch\/en\/produit\/mandarinello\/#primaryimage"},"image":{"@id":"https:\/\/ibex-gin.ch\/en\/produit\/mandarinello\/#primaryimage"},"thumbnailUrl":"https:\/\/i0.wp.com\/ibex-gin.ch\/wp-content\/uploads\/2024\/06\/mandarinello-1x1-1.png?fit=683%2C683&ssl=1","datePublished":"2024-06-21T07:23:15+00:00","dateModified":"2024-10-23T11:19:54+00:00","description":"Discover the delicious Mandarinello, a mandarin liqueur with a low sugar content. Its authentic flavor will delight your taste buds. Try it now!","breadcrumb":{"@id":"https:\/\/ibex-gin.ch\/en\/produit\/mandarinello\/#breadcrumb"},"inLanguage":"en-US","potentialAction":[{"@type":"ReadAction","target":["https:\/\/ibex-gin.ch\/en\/produit\/mandarinello\/"]}]},{"@type":"ImageObject","inLanguage":"en-US","@id":"https:\/\/ibex-gin.ch\/en\/produit\/mandarinello\/#primaryimage","url":"https:\/\/i0.wp.com\/ibex-gin.ch\/wp-content\/uploads\/2024\/06\/mandarinello-1x1-1.png?fit=683%2C683&ssl=1","contentUrl":"https:\/\/i0.wp.com\/ibex-gin.ch\/wp-content\/uploads\/2024\/06\/mandarinello-1x1-1.png?fit=683%2C683&ssl=1","width":683,"height":683,"caption":"Ibex mandarinello bottle"},{"@type":"BreadcrumbList","@id":"https:\/\/ibex-gin.ch\/en\/produit\/mandarinello\/#breadcrumb","itemListElement":[{"@type":"ListItem","position":1,"name":"Accueil","item":"https:\/\/ibex-gin.ch\/en\/"},{"@type":"ListItem","position":2,"name":"Store","item":"https:\/\/ibex-gin.ch\/en\/shop\/"},{"@type":"ListItem","position":3,"name":"Mandarinello"}]},{"@type":"WebSite","@id":"https:\/\/ibex-gin.ch\/en\/#website","url":"https:\/\/ibex-gin.ch\/en\/","name":"Ibex Gin","description":"","publisher":{"@id":"https:\/\/ibex-gin.ch\/en\/#organization"},"potentialAction":[{"@type":"SearchAction","target":{"@type":"EntryPoint","urlTemplate":"https:\/\/ibex-gin.ch\/en\/?s={search_term_string}"},"query-input":{"@type":"PropertyValueSpecification","valueRequired":true,"valueName":"search_term_string"}}],"inLanguage":"en-US"},{"@type":"Organization","@id":"https:\/\/ibex-gin.ch\/en\/#organization","name":"Ibex Gin","url":"https:\/\/ibex-gin.ch\/en\/","logo":{"@type":"ImageObject","inLanguage":"en-US","@id":"https:\/\/ibex-gin.ch\/en\/#\/schema\/logo\/image\/","url":"https:\/\/ibex-gin.ch\/wp-content\/uploads\/2022\/01\/cropped-Ibex_Logo_2021-2.png","contentUrl":"https:\/\/ibex-gin.ch\/wp-content\/uploads\/2022\/01\/cropped-Ibex_Logo_2021-2.png","width":1583,"height":1181,"caption":"Ibex Gin"},"image":{"@id":"https:\/\/ibex-gin.ch\/en\/#\/schema\/logo\/image\/"},"sameAs":["https:\/\/www.facebook.com\/Ibex.gin","https:\/\/www.instagram.com\/ibex.gin\/"]}]},"product_price_amount":"42.00","product_price_currency":"CHF","og_availability":"instock","product_availability":"instock","product_retailer_item_id":"MAN001","product_condition":"new"},"jetpack_publicize_connections":[],"jetpack-related-posts":[{"id":29532,"url":"https:\/\/ibex-gin.ch\/produit\/mandarinello\/","url_meta":{"origin":29537,"position":0},"title":"Mandarinello","author":"Dumont Oscar","date":"21 June 2024","format":false,"excerpt":"Le Mandarinello de Ibex, avec ses \u00e9corces de mandarines BIO de Sicile, offre une explosion d'ar\u00f4mes de mandarine fra\u00eeche et de zeste confit. Sa texture lisse et sa couleur orange profond se marient \u00e0 une finale longue et rafra\u00eechissante. Une liqueur artisanale aux saveurs intenses et naturelles.","rel":"","context":"Similar post","block_context":{"text":"Similar post","link":""},"img":{"alt_text":"","src":"https:\/\/i0.wp.com\/ibex-gin.ch\/wp-content\/uploads\/2024\/06\/mandarinello-1x1-1.png?fit=683%2C683&ssl=1&resize=350%2C200","width":350,"height":200,"srcset":"https:\/\/i0.wp.com\/ibex-gin.ch\/wp-content\/uploads\/2024\/06\/mandarinello-1x1-1.png?fit=683%2C683&ssl=1&resize=350%2C200 1x, https:\/\/i0.wp.com\/ibex-gin.ch\/wp-content\/uploads\/2024\/06\/mandarinello-1x1-1.png?fit=683%2C683&ssl=1&resize=525%2C300 1.5x"},"classes":[]},{"id":29528,"url":"https:\/\/ibex-gin.ch\/en\/produit\/miniature-ibex-alpine-swiss-gin-red-chili-edition\/","url_meta":{"origin":29537,"position":1},"title":"Mini IBEX ALPINE SWISS GIN Red Chili edition","author":"Dumont Oscar","date":"18 May 2024","format":false,"excerpt":"Ibex Gin Red Chili edition is a dry gin with an intense, expressive nose, first revealing citrus notes, then a vegetal side with juniper and a subtle chili pepper. It has a lovely texture on the palate, the chili pepper giving a spicy start which then harmonizes with the citrus\u2026","rel":"","context":"Similar post","block_context":{"text":"Similar post","link":""},"img":{"alt_text":"","src":"https:\/\/i0.wp.com\/ibex-gin.ch\/wp-content\/uploads\/2024\/05\/Red-chilli-mini_.png?fit=1200%2C1200&ssl=1&resize=350%2C200","width":350,"height":200,"srcset":"https:\/\/i0.wp.com\/ibex-gin.ch\/wp-content\/uploads\/2024\/05\/Red-chilli-mini_.png?fit=1200%2C1200&ssl=1&resize=350%2C200 1x, https:\/\/i0.wp.com\/ibex-gin.ch\/wp-content\/uploads\/2024\/05\/Red-chilli-mini_.png?fit=1200%2C1200&ssl=1&resize=525%2C300 1.5x, https:\/\/i0.wp.com\/ibex-gin.ch\/wp-content\/uploads\/2024\/05\/Red-chilli-mini_.png?fit=1200%2C1200&ssl=1&resize=700%2C400 2x, https:\/\/i0.wp.com\/ibex-gin.ch\/wp-content\/uploads\/2024\/05\/Red-chilli-mini_.png?fit=1200%2C1200&ssl=1&resize=1050%2C600 3x"},"classes":[]},{"id":29324,"url":"https:\/\/ibex-gin.ch\/en\/produit\/hoodie-with-logo\/","url_meta":{"origin":29537,"position":2},"title":"IBEX ALPINE SWISS GIN Red Chili edition","author":"Dumont Oscar","date":"30 January 2022","format":false,"excerpt":"Ibex Gin Red Chili edition is a dry gin with an intense, expressive nose, first revealing citrus notes, then a vegetal side with juniper and a subtle chili pepper. It has a lovely texture on the palate, the chili pepper giving a spicy start which then harmonizes with the citrus\u2026","rel":"","context":"Similar post","block_context":{"text":"Similar post","link":""},"img":{"alt_text":"","src":"https:\/\/i0.wp.com\/ibex-gin.ch\/wp-content\/uploads\/2022\/01\/Ibex-gin-chili-new-design.png?fit=1200%2C1200&ssl=1&resize=350%2C200","width":350,"height":200,"srcset":"https:\/\/i0.wp.com\/ibex-gin.ch\/wp-content\/uploads\/2022\/01\/Ibex-gin-chili-new-design.png?fit=1200%2C1200&ssl=1&resize=350%2C200 1x, https:\/\/i0.wp.com\/ibex-gin.ch\/wp-content\/uploads\/2022\/01\/Ibex-gin-chili-new-design.png?fit=1200%2C1200&ssl=1&resize=525%2C300 1.5x, https:\/\/i0.wp.com\/ibex-gin.ch\/wp-content\/uploads\/2022\/01\/Ibex-gin-chili-new-design.png?fit=1200%2C1200&ssl=1&resize=700%2C400 2x, https:\/\/i0.wp.com\/ibex-gin.ch\/wp-content\/uploads\/2022\/01\/Ibex-gin-chili-new-design.png?fit=1200%2C1200&ssl=1&resize=1050%2C600 3x"},"classes":[]},{"id":29417,"url":"https:\/\/ibex-gin.ch\/en\/produit\/ibex-gin-classic-edition\/","url_meta":{"origin":29537,"position":3},"title":"Ibex Gin Classic Edition","author":"Dumont Oscar","date":"11 December 2022","format":false,"excerpt":"The Gin Classic Edition has a silky texture in the mouth, a generous attack on juniper, a nice presence of orange and a finish on spices and particularly pepper. Nice balance, pleasant roundness with a good length. \u00a0","rel":"","context":"Similar post","block_context":{"text":"Similar post","link":""},"img":{"alt_text":"","src":"https:\/\/i0.wp.com\/ibex-gin.ch\/wp-content\/uploads\/2022\/12\/IBEX-gin-classic.png?fit=1200%2C1200&ssl=1&resize=350%2C200","width":350,"height":200,"srcset":"https:\/\/i0.wp.com\/ibex-gin.ch\/wp-content\/uploads\/2022\/12\/IBEX-gin-classic.png?fit=1200%2C1200&ssl=1&resize=350%2C200 1x, https:\/\/i0.wp.com\/ibex-gin.ch\/wp-content\/uploads\/2022\/12\/IBEX-gin-classic.png?fit=1200%2C1200&ssl=1&resize=525%2C300 1.5x, https:\/\/i0.wp.com\/ibex-gin.ch\/wp-content\/uploads\/2022\/12\/IBEX-gin-classic.png?fit=1200%2C1200&ssl=1&resize=700%2C400 2x, https:\/\/i0.wp.com\/ibex-gin.ch\/wp-content\/uploads\/2022\/12\/IBEX-gin-classic.png?fit=1200%2C1200&ssl=1&resize=1050%2C600 3x"},"classes":[]},{"id":29526,"url":"https:\/\/ibex-gin.ch\/en\/produit\/minionette-ibex-gin-classic-edition\/","url_meta":{"origin":29537,"position":4},"title":"Mini Ibex Gin Classic Edition","author":"Dumont Oscar","date":"18 May 2024","format":false,"excerpt":"The Gin Classic Edition has a silky texture in the mouth, a generous attack on juniper, a nice presence of orange and a finish on spices and particularly pepper. Nice balance, pleasant roundness with a good length. \u00a0","rel":"","context":"Similar post","block_context":{"text":"Similar post","link":""},"img":{"alt_text":"","src":"https:\/\/i0.wp.com\/ibex-gin.ch\/wp-content\/uploads\/2024\/05\/Classic-Mini-2.png?fit=1200%2C1200&ssl=1&resize=350%2C200","width":350,"height":200,"srcset":"https:\/\/i0.wp.com\/ibex-gin.ch\/wp-content\/uploads\/2024\/05\/Classic-Mini-2.png?fit=1200%2C1200&ssl=1&resize=350%2C200 1x, https:\/\/i0.wp.com\/ibex-gin.ch\/wp-content\/uploads\/2024\/05\/Classic-Mini-2.png?fit=1200%2C1200&ssl=1&resize=525%2C300 1.5x, https:\/\/i0.wp.com\/ibex-gin.ch\/wp-content\/uploads\/2024\/05\/Classic-Mini-2.png?fit=1200%2C1200&ssl=1&resize=700%2C400 2x, https:\/\/i0.wp.com\/ibex-gin.ch\/wp-content\/uploads\/2024\/05\/Classic-Mini-2.png?fit=1200%2C1200&ssl=1&resize=1050%2C600 3x"},"classes":[]},{"id":29713,"url":"https:\/\/ibex-gin.ch\/en\/produit\/ibex-gin-limited-edition-box\/","url_meta":{"origin":29537,"position":5},"title":"Ibex Gin &#8211; Limited Edition Box","author":"Dumont Oscar","date":"1 December 2024","format":false,"excerpt":"Discover the world ofIbex Gin with this limited-edition tin, ideal for lovers of refined cocktails and authentic flavors. \ud83c\udf81","rel":"","context":"Similar post","block_context":{"text":"Similar post","link":""},"img":{"alt_text":"","src":"https:\/\/i0.wp.com\/ibex-gin.ch\/wp-content\/uploads\/2024\/12\/IMG_2841-scaled.jpeg?fit=1200%2C1200&ssl=1&resize=350%2C200","width":350,"height":200,"srcset":"https:\/\/i0.wp.com\/ibex-gin.ch\/wp-content\/uploads\/2024\/12\/IMG_2841-scaled.jpeg?fit=1200%2C1200&ssl=1&resize=350%2C200 1x, https:\/\/i0.wp.com\/ibex-gin.ch\/wp-content\/uploads\/2024\/12\/IMG_2841-scaled.jpeg?fit=1200%2C1200&ssl=1&resize=525%2C300 1.5x, https:\/\/i0.wp.com\/ibex-gin.ch\/wp-content\/uploads\/2024\/12\/IMG_2841-scaled.jpeg?fit=1200%2C1200&ssl=1&resize=700%2C400 2x, https:\/\/i0.wp.com\/ibex-gin.ch\/wp-content\/uploads\/2024\/12\/IMG_2841-scaled.jpeg?fit=1200%2C1200&ssl=1&resize=1050%2C600 3x"},"classes":[]}],"jetpack_likes_enabled":true,"jetpack_sharing_enabled":true,"_links":{"self":[{"href":"https:\/\/ibex-gin.ch\/en\/wp-json\/wp\/v2\/product\/29537","targetHints":{"allow":["GET"]}}],"collection":[{"href":"https:\/\/ibex-gin.ch\/en\/wp-json\/wp\/v2\/product"}],"about":[{"href":"https:\/\/ibex-gin.ch\/en\/wp-json\/wp\/v2\/types\/product"}],"replies":[{"embeddable":true,"href":"https:\/\/ibex-gin.ch\/en\/wp-json\/wp\/v2\/comments?post=29537"}],"wp:featuredmedia":[{"embeddable":true,"href":"https:\/\/ibex-gin.ch\/en\/wp-json\/wp\/v2\/media\/29587"}],"wp:attachment":[{"href":"https:\/\/ibex-gin.ch\/en\/wp-json\/wp\/v2\/media?parent=29537"}],"wp:term":[{"taxonomy":"product_brand","embeddable":true,"href":"https:\/\/ibex-gin.ch\/en\/wp-json\/wp\/v2\/product_brand?post=29537"},{"taxonomy":"product_cat","embeddable":true,"href":"https:\/\/ibex-gin.ch\/en\/wp-json\/wp\/v2\/product_cat?post=29537"},{"taxonomy":"product_tag","embeddable":true,"href":"https:\/\/ibex-gin.ch\/en\/wp-json\/wp\/v2\/product_tag?post=29537"}],"curies":[{"name":"wp","href":"https:\/\/api.w.org\/{rel}","templated":true}]}}