{"id":29326,"date":"2022-02-05T14:38:22","date_gmt":"2022-02-05T13:38:22","guid":{"rendered":"https:\/\/ibex-gin.ch\/shop\/refunds-and-returns-policy\/"},"modified":"2024-10-13T16:54:01","modified_gmt":"2024-10-13T14:54:01","slug":"refunds-and-returns-policy","status":"publish","type":"page","link":"https:\/\/ibex-gin.ch\/en\/shop\/refunds-and-returns-policy\/","title":{"rendered":"Refunds and Returns Policy"},"content":{"rendered":"\n<h2 class=\"wp-block-heading\" id=\"1-champ-d-application\">1. <strong>Scope<\/strong><\/h2>\n\n<p class=\"has-text-align-left\" id=\"1-champ-d-application\">The general conditions of sale are intended to govern the relationship between Ibex Gin SNC and the Internet user, hereinafter designated by the customer. The masculine form \u201cclient\u201d used below naturally designates both clients and clients. Sending the customer&#8217;s order implies acceptance of these general conditions of sale in their entirety, to the exclusion of any other term or condition. The customer declares to have the capacity to contract with Ibex Gin SNC on the basis of the general conditions of sale. He guarantees that all information provided is accurate.<\/p>\n\n<p>Registration on the online shop is reserved for persons with the capacity to perform legal acts. The data required for registration must be complete and truthful. Each customer is responsible for updating their data themselves.<\/p>\n\n<h2 class=\"wp-block-heading\" id=\"2-interdiction-de-vente-aux-mineurs\">2. <strong>Prohibition of sale to minors<\/strong><\/h2>\n\n<p>By his acceptance of the general conditions, the customer certifies that he is at least 18 years old. Indeed, the law prohibits the sale of spirits, aperitifs and alcopops to people under 18, as well as the sale of wines, ciders and beers to people under 16.<\/p>\n\n<h2 class=\"wp-block-heading\" id=\"3-produits\">3.<strong>Produits<\/strong><\/h2>\n\n<p>The characteristics of the articles and explanatory notes are given for information only and do not constitute contractual documents. The photos appear on the site www.ibex-gin.ch for illustration purposes and are not part of the contractual conditions. Ibex Gin SNC declines all responsibility for any errors or omissions related to the images or notices appearing on its online store.<\/p>\n\n<h2 class=\"wp-block-heading\" id=\"4-prix-et-conditions-de-vente\">4. <strong>Prices and terms of sale<\/strong><\/h2>\n\n<p id=\"4-prix-et-conditions-de-vente\">The prices indicated on the website www.ibex-gin.ch are in Swiss francs (CHF) per bottle and include VAT. Prices are ex-cellar and do not include delivery costs.<\/p>\n\n<p>Ibex Gin SNC reserves the right to modify its prices at any time. However, the price invoiced is the price displayed at the time of the order.<\/p>\n\n<p>The promotional discounts offered within the framework of commercial actions on the site www.ibex-gin.ch are deducted directly from the amount of the invoice.<\/p>\n\n<p>Offers on products are valid only as long as they are visible on the site www.ibex-gin.ch and within the limits of available stocks.<\/p>\n\n<p>All orders are final once payment has been confirmed.<\/p>\n\n<p>All orders are payable with the Stripe platform or by bank transfer. <\/p>\n\n<h2 class=\"wp-block-heading\" id=\"5-livraison-et-frais-de-livraison\">5. <strong>Delivery and delivery costs<\/strong><\/h2>\n\n<p>The products are sent to the delivery address indicated by the customer during the ordering process. FOR ANY SPECIAL OFFER OR SPECIAL DISCOUNTS, DELIVERY COSTS ARE ALWAYS INVOICED REGARDLESS OF THE AMOUNT OF THE ORDER.<\/p>\n\n<p><strong>Switzerland<\/strong> :<\/p>\n\n<ul class=\"wp-block-list\">\n<li>B courier delivery costs are free for all orders over 5 bottles.<\/li>\n\n\n\n<li>For orders of 1 bottle, delivery is charged CHF 6.30<\/li>\n\n\n\n<li>For orders of 2 to 5 bottles, delivery is charged CHF 9.00<\/li>\n\n\n\n<li>Express courier delivery costs are invoiced CHF 28.00<\/li>\n<\/ul>\n\n<h2 class=\"wp-block-heading\" id=\"6-paiement-securise-et-protection-des-donnees\">6. <strong>Secure payment and data protection<\/strong><\/h2>\n\n<p id=\"tous-les-paiements-effectues-en-ligne-sont-securises-les-informations-saisies-pour-le-paiement-sont-cryptees-https-et-transmises-a-zalhs-de-facon-securisee\">All payments made online are secure. The information entered for the payment is encrypted (https) and transmitted to Stripe in a secure manner.<\/p>\n\n<p>Only means of payment according to its acceptance: VISA, MASTERCARD, GOOGLE PAY, APPLE PAY. <\/p>\n\n<p>The use by Ibex Gin SNC of personal data relating to customers complies with the legislation in force, in particular the law on data protection. These are treated confidentially and securely.<\/p>\n\n<p>Ibex Gin SNC only processes and stores the data necessary for the proper performance of its services. Under no circumstances will this data be passed on to third parties.<\/p>\n\n<h2 class=\"wp-block-heading\" id=\"gout-de-bouchon-bouteilles-defectueusesles-bouteilles-defectueuses-et-ou-presentant-un-gout-de-bouchon-sont-soumises-a-des-conditions-de-retour-et-de-remboursement-expliquees-a-l-article-8-des-presentes-conditions-generales-veuillez-vous-referer-a-ce-point-pour-prendre-connaissance-de-ces-conditions\">7. <strong>Defective bottles<\/strong><\/h2>\n\n<p id=\"gout-de-bouchon-bouteilles-defectueusesles-bouteilles-defectueuses-et-ou-presentant-un-gout-de-bouchon-sont-soumises-a-des-conditions-de-retour-et-de-remboursement-expliquees-a-l-article-8-des-presentes-conditions-generales-veuillez-vous-referer-a-ce-point-pour-prendre-connaissance-de-ces-conditions\">Defective bottles are subject to return and refund conditions explained in article 8 of these general conditions. Please refer to this point to read these conditions.<\/p>\n\n<h2 class=\"wp-block-heading\" id=\"8-conditions-de-retour-et-de-remboursement\">8. <strong>Return and refund conditions<\/strong><\/h2>\n\n<p id=\"chiahorn-ag-n-accepte-pas-le-retour-de-marchandises-en-revanche-nous-accordons-une-importance-capitale-a-la-qualite-des-vins-que-nous-vous-proposons-c-est-pourquoi-vous-pouvez-nous-retourner-vos-produits-s-ils-presentent-un-gout-de-bouchon-et-ou-s-l-s-agit-de-bouteille-s-defectueuse-s-si-vous-constatez-ces-anomalies-sur-un-ou-plusieurs-produits-que-vous-avez-commandes-ces-derniers-feront-l-objet-d-un-remboursement-ou-d-un-remplacement-seuls-les-vins-suisses-et-etrangers-sont-remplaces-pour-autant-que-les-bouteilles-bouchonnees-ou-defectueuses-soient-rendues-aux-3-4-pleines-et-avec-le-bouchon-d-origine\">Ibex Gin SNC does not accept the return of goods. On the other hand, we attach the utmost importance to the quality of the Gins we offer, which is why you can return your products to us within 30 days in the case of defective bottles. If you notice these anomalies on one or more products that you have ordered, they will be reimbursed or replaced. Only defective bottles containing which contain minimum 3\/4 of the bottle and with the original cap.<\/p>\n\n<h2 class=\"wp-block-heading\" id=\"9-propriete\">9. <strong>Ownership<\/strong><\/h2>\n\n<p>The goods remain the property of Ibex Gin SNC until full payment of the invoice.<\/p>\n\n<h2 class=\"wp-block-heading\" id=\"10-droit-applicable-et-fort-juridique\">10. <strong>Applicable law and legal strength<\/strong><\/h2>\n\n<p id=\"les-presentes-conditions-generales-de-vente-ainsi-que-les-contrats-conclus-en-application-sont-regies-par-le-droit-suisse\">These general conditions of sale as well as the contracts concluded in application are governed by Swiss law.<\/p>\n\n<p>The Valais courts have jurisdiction in the event of a dispute.<\/p>\n\n<h2 class=\"wp-block-heading\" id=\"11-validite-et-modifications-des-conditions-generales\">11. <strong>Validity and modifications of the general conditions<\/strong><\/h2>\n\n<p id=\"la-liste-des-vins-est-sous-reserve-de-vente-entre-temps-schiahorn-ag-se-reserve-le-droit-de-modifier-en-tout-temps-et-sans-preavis-l-assortiment-les-prix-et-les-conditions\">The gin list is subject to sale in the meantime. Ibex Gin SNC reserves the right to modify the assortment, prices and conditions at any time and without notice.<\/p>\n\n<h2 class=\"wp-block-heading\" id=\"12-contact\"><strong>12.Contact<\/strong> <\/h2>\n\n<p>By email: <\/p>\n\n<p>info@ibex-gin.ch<\/p>\n\n<p>By mail :<\/p>\n\n<p><strong>Ibex Gin SA<\/strong><\/p>\n\n<p><strong>Praetor Street 40<\/strong><\/p>\n\n<p><strong>1936 Verbier <\/strong><\/p>\n\n<p>S<strong>uisse<\/strong><\/p>\n\n<p><\/p>\n","protected":false},"excerpt":{"rendered":"<p>1. Scope The general conditions of sale are intended to govern the relationship between Ibex Gin SNC and the Internet user, hereinafter designated by the customer. The masculine form \u201cclient\u201d used below naturally designates both clients and clients. Sending the customer&#8217;s order implies acceptance of these general conditions of sale in their entirety, to the [&hellip;]<\/p>\n","protected":false},"author":1,"featured_media":0,"parent":29092,"menu_order":0,"comment_status":"closed","ping_status":"closed","template":"","meta":{"jetpack_post_was_ever_published":false,"footnotes":""},"class_list":["post-29326","page","type-page","status-publish","hentry"],"yoast_head":"<!-- This site is optimized with the Yoast SEO Premium plugin v27.2 (Yoast SEO v27.4) - https:\/\/yoast.com\/product\/yoast-seo-premium-wordpress\/ -->\n<title>Refunds and Returns Policy - Ibex Gin<\/title>\n<meta name=\"robots\" content=\"index, follow, max-snippet:-1, max-image-preview:large, max-video-preview:-1\" \/>\n<link rel=\"canonical\" href=\"https:\/\/ibex-gin.ch\/en\/shop\/refunds-and-returns-policy\/\" \/>\n<meta property=\"og:locale\" content=\"en_US\" \/>\n<meta property=\"og:type\" content=\"article\" \/>\n<meta property=\"og:title\" content=\"Refunds and Returns Policy\" \/>\n<meta property=\"og:description\" content=\"1. Scope The general conditions of sale are intended to govern the relationship between Ibex Gin SNC and the Internet user, hereinafter designated by the customer. The masculine form \u201cclient\u201d used below naturally designates both clients and clients. Sending the customer&#8217;s order implies acceptance of these general conditions of sale in their entirety, to the [&hellip;]\" \/>\n<meta property=\"og:url\" content=\"https:\/\/ibex-gin.ch\/en\/shop\/refunds-and-returns-policy\/\" \/>\n<meta property=\"og:site_name\" content=\"Ibex Gin\" \/>\n<meta property=\"article:publisher\" content=\"https:\/\/www.facebook.com\/Ibex.gin\" \/>\n<meta property=\"article:modified_time\" content=\"2024-10-13T14:54:01+00:00\" \/>\n<meta name=\"twitter:card\" content=\"summary_large_image\" \/>\n<meta name=\"twitter:label1\" content=\"Est. reading time\" \/>\n\t<meta name=\"twitter:data1\" content=\"4 minutes\" \/>\n<script type=\"application\/ld+json\" class=\"yoast-schema-graph\">{\"@context\":\"https:\\\/\\\/schema.org\",\"@graph\":[{\"@type\":\"WebPage\",\"@id\":\"https:\\\/\\\/ibex-gin.ch\\\/en\\\/shop\\\/refunds-and-returns-policy\\\/\",\"url\":\"https:\\\/\\\/ibex-gin.ch\\\/en\\\/shop\\\/refunds-and-returns-policy\\\/\",\"name\":\"Refunds and Returns Policy - Ibex Gin\",\"isPartOf\":{\"@id\":\"https:\\\/\\\/ibex-gin.ch\\\/en\\\/#website\"},\"datePublished\":\"2022-02-05T13:38:22+00:00\",\"dateModified\":\"2024-10-13T14:54:01+00:00\",\"breadcrumb\":{\"@id\":\"https:\\\/\\\/ibex-gin.ch\\\/en\\\/shop\\\/refunds-and-returns-policy\\\/#breadcrumb\"},\"inLanguage\":\"en-US\",\"potentialAction\":[{\"@type\":\"ReadAction\",\"target\":[\"https:\\\/\\\/ibex-gin.ch\\\/en\\\/shop\\\/refunds-and-returns-policy\\\/\"]}]},{\"@type\":\"BreadcrumbList\",\"@id\":\"https:\\\/\\\/ibex-gin.ch\\\/en\\\/shop\\\/refunds-and-returns-policy\\\/#breadcrumb\",\"itemListElement\":[{\"@type\":\"ListItem\",\"position\":1,\"name\":\"Accueil\",\"item\":\"https:\\\/\\\/ibex-gin.ch\\\/en\\\/\"},{\"@type\":\"ListItem\",\"position\":2,\"name\":\"Store\",\"item\":\"https:\\\/\\\/ibex-gin.ch\\\/en\\\/shop\\\/\"},{\"@type\":\"ListItem\",\"position\":3,\"name\":\"Refunds and Returns Policy\"}]},{\"@type\":\"WebSite\",\"@id\":\"https:\\\/\\\/ibex-gin.ch\\\/en\\\/#website\",\"url\":\"https:\\\/\\\/ibex-gin.ch\\\/en\\\/\",\"name\":\"Ibex Gin\",\"description\":\"\",\"publisher\":{\"@id\":\"https:\\\/\\\/ibex-gin.ch\\\/en\\\/#organization\"},\"potentialAction\":[{\"@type\":\"SearchAction\",\"target\":{\"@type\":\"EntryPoint\",\"urlTemplate\":\"https:\\\/\\\/ibex-gin.ch\\\/en\\\/?s={search_term_string}\"},\"query-input\":{\"@type\":\"PropertyValueSpecification\",\"valueRequired\":true,\"valueName\":\"search_term_string\"}}],\"inLanguage\":\"en-US\"},{\"@type\":\"Organization\",\"@id\":\"https:\\\/\\\/ibex-gin.ch\\\/en\\\/#organization\",\"name\":\"Ibex Gin\",\"url\":\"https:\\\/\\\/ibex-gin.ch\\\/en\\\/\",\"logo\":{\"@type\":\"ImageObject\",\"inLanguage\":\"en-US\",\"@id\":\"https:\\\/\\\/ibex-gin.ch\\\/en\\\/#\\\/schema\\\/logo\\\/image\\\/\",\"url\":\"https:\\\/\\\/ibex-gin.ch\\\/wp-content\\\/uploads\\\/2022\\\/01\\\/cropped-Ibex_Logo_2021-2.png\",\"contentUrl\":\"https:\\\/\\\/ibex-gin.ch\\\/wp-content\\\/uploads\\\/2022\\\/01\\\/cropped-Ibex_Logo_2021-2.png\",\"width\":1583,\"height\":1181,\"caption\":\"Ibex Gin\"},\"image\":{\"@id\":\"https:\\\/\\\/ibex-gin.ch\\\/en\\\/#\\\/schema\\\/logo\\\/image\\\/\"},\"sameAs\":[\"https:\\\/\\\/www.facebook.com\\\/Ibex.gin\",\"https:\\\/\\\/www.instagram.com\\\/ibex.gin\\\/\"]}]}<\/script>\n<!-- \/ Yoast SEO Premium plugin. -->","yoast_head_json":{"title":"Refunds and Returns Policy - Ibex Gin","robots":{"index":"index","follow":"follow","max-snippet":"max-snippet:-1","max-image-preview":"max-image-preview:large","max-video-preview":"max-video-preview:-1"},"canonical":"https:\/\/ibex-gin.ch\/en\/shop\/refunds-and-returns-policy\/","og_locale":"en_US","og_type":"article","og_title":"Refunds and Returns Policy","og_description":"1. Scope The general conditions of sale are intended to govern the relationship between Ibex Gin SNC and the Internet user, hereinafter designated by the customer. The masculine form \u201cclient\u201d used below naturally designates both clients and clients. Sending the customer&#8217;s order implies acceptance of these general conditions of sale in their entirety, to the [&hellip;]","og_url":"https:\/\/ibex-gin.ch\/en\/shop\/refunds-and-returns-policy\/","og_site_name":"Ibex Gin","article_publisher":"https:\/\/www.facebook.com\/Ibex.gin","article_modified_time":"2024-10-13T14:54:01+00:00","twitter_card":"summary_large_image","twitter_misc":{"Est. reading time":"4 minutes"},"schema":{"@context":"https:\/\/schema.org","@graph":[{"@type":"WebPage","@id":"https:\/\/ibex-gin.ch\/en\/shop\/refunds-and-returns-policy\/","url":"https:\/\/ibex-gin.ch\/en\/shop\/refunds-and-returns-policy\/","name":"Refunds and Returns Policy - Ibex Gin","isPartOf":{"@id":"https:\/\/ibex-gin.ch\/en\/#website"},"datePublished":"2022-02-05T13:38:22+00:00","dateModified":"2024-10-13T14:54:01+00:00","breadcrumb":{"@id":"https:\/\/ibex-gin.ch\/en\/shop\/refunds-and-returns-policy\/#breadcrumb"},"inLanguage":"en-US","potentialAction":[{"@type":"ReadAction","target":["https:\/\/ibex-gin.ch\/en\/shop\/refunds-and-returns-policy\/"]}]},{"@type":"BreadcrumbList","@id":"https:\/\/ibex-gin.ch\/en\/shop\/refunds-and-returns-policy\/#breadcrumb","itemListElement":[{"@type":"ListItem","position":1,"name":"Accueil","item":"https:\/\/ibex-gin.ch\/en\/"},{"@type":"ListItem","position":2,"name":"Store","item":"https:\/\/ibex-gin.ch\/en\/shop\/"},{"@type":"ListItem","position":3,"name":"Refunds and Returns Policy"}]},{"@type":"WebSite","@id":"https:\/\/ibex-gin.ch\/en\/#website","url":"https:\/\/ibex-gin.ch\/en\/","name":"Ibex Gin","description":"","publisher":{"@id":"https:\/\/ibex-gin.ch\/en\/#organization"},"potentialAction":[{"@type":"SearchAction","target":{"@type":"EntryPoint","urlTemplate":"https:\/\/ibex-gin.ch\/en\/?s={search_term_string}"},"query-input":{"@type":"PropertyValueSpecification","valueRequired":true,"valueName":"search_term_string"}}],"inLanguage":"en-US"},{"@type":"Organization","@id":"https:\/\/ibex-gin.ch\/en\/#organization","name":"Ibex Gin","url":"https:\/\/ibex-gin.ch\/en\/","logo":{"@type":"ImageObject","inLanguage":"en-US","@id":"https:\/\/ibex-gin.ch\/en\/#\/schema\/logo\/image\/","url":"https:\/\/ibex-gin.ch\/wp-content\/uploads\/2022\/01\/cropped-Ibex_Logo_2021-2.png","contentUrl":"https:\/\/ibex-gin.ch\/wp-content\/uploads\/2022\/01\/cropped-Ibex_Logo_2021-2.png","width":1583,"height":1181,"caption":"Ibex Gin"},"image":{"@id":"https:\/\/ibex-gin.ch\/en\/#\/schema\/logo\/image\/"},"sameAs":["https:\/\/www.facebook.com\/Ibex.gin","https:\/\/www.instagram.com\/ibex.gin\/"]}]}},"jetpack-related-posts":[{"id":29331,"url":"https:\/\/ibex-gin.ch\/en\/","url_meta":{"origin":29326,"position":0},"title":"Home","author":"Dumont Oscar","date":"1 February 2022","format":false,"excerpt":"Who are we ? IBEX, meaning ibex, embodies the strength of this Alpine animal, the true king of the Swiss peaks. Inspired by the Grand Combin massif, one of the highest peaks in French-speaking Switzerland, the Ibex is the guardian of unspoiled nature. This symbol is at the heart of\u2026","rel":"","context":"Similar post","block_context":{"text":"Similar post","link":""},"img":{"alt_text":"","src":"https:\/\/i0.wp.com\/ibex-gin.ch\/wp-content\/uploads\/2021\/12\/Gin-Tonic-with-mandarine-scaled-e1643229196907.jpg?resize=350%2C200&ssl=1","width":350,"height":200,"srcset":"https:\/\/i0.wp.com\/ibex-gin.ch\/wp-content\/uploads\/2021\/12\/Gin-Tonic-with-mandarine-scaled-e1643229196907.jpg?resize=350%2C200&ssl=1 1x, https:\/\/i0.wp.com\/ibex-gin.ch\/wp-content\/uploads\/2021\/12\/Gin-Tonic-with-mandarine-scaled-e1643229196907.jpg?resize=525%2C300&ssl=1 1.5x, https:\/\/i0.wp.com\/ibex-gin.ch\/wp-content\/uploads\/2021\/12\/Gin-Tonic-with-mandarine-scaled-e1643229196907.jpg?resize=700%2C400&ssl=1 2x, https:\/\/i0.wp.com\/ibex-gin.ch\/wp-content\/uploads\/2021\/12\/Gin-Tonic-with-mandarine-scaled-e1643229196907.jpg?resize=1050%2C600&ssl=1 3x, https:\/\/i0.wp.com\/ibex-gin.ch\/wp-content\/uploads\/2021\/12\/Gin-Tonic-with-mandarine-scaled-e1643229196907.jpg?resize=1400%2C800&ssl=1 4x"},"classes":[]},{"id":29308,"url":"https:\/\/ibex-gin.ch\/en\/our-recipes\/","url_meta":{"origin":29326,"position":1},"title":"Our Recipes","author":"Dumont Oscar","date":"1 February 2022","format":false,"excerpt":"Discover our exclusive recipes created with Ibex products, where each liqueur and gin reveals its unique flavors. Whether you opt for a tangy Limoncello cocktail or a fruity Mandarinello dessert, our recipes promise authentic taste experiences. For gin lovers, let yourself be surprised by the aromatic power of Ibex Gin\u2026","rel":"","context":"Similar post","block_context":{"text":"Similar post","link":""},"img":{"alt_text":"","src":"https:\/\/i0.wp.com\/ibex-gin.ch\/wp-content\/uploads\/2021\/12\/Gin-Tonic-with-mandarine-scaled-e1643229196907.jpg?resize=350%2C200&ssl=1","width":350,"height":200,"srcset":"https:\/\/i0.wp.com\/ibex-gin.ch\/wp-content\/uploads\/2021\/12\/Gin-Tonic-with-mandarine-scaled-e1643229196907.jpg?resize=350%2C200&ssl=1 1x, https:\/\/i0.wp.com\/ibex-gin.ch\/wp-content\/uploads\/2021\/12\/Gin-Tonic-with-mandarine-scaled-e1643229196907.jpg?resize=525%2C300&ssl=1 1.5x, https:\/\/i0.wp.com\/ibex-gin.ch\/wp-content\/uploads\/2021\/12\/Gin-Tonic-with-mandarine-scaled-e1643229196907.jpg?resize=700%2C400&ssl=1 2x, https:\/\/i0.wp.com\/ibex-gin.ch\/wp-content\/uploads\/2021\/12\/Gin-Tonic-with-mandarine-scaled-e1643229196907.jpg?resize=1050%2C600&ssl=1 3x, https:\/\/i0.wp.com\/ibex-gin.ch\/wp-content\/uploads\/2021\/12\/Gin-Tonic-with-mandarine-scaled-e1643229196907.jpg?resize=1400%2C800&ssl=1 4x"},"classes":[]},{"id":29725,"url":"https:\/\/ibex-gin.ch\/en\/comptoir-ibex\/","url_meta":{"origin":29326,"position":2},"title":"Comptoir Ibex","author":"Dumont Oscar","date":"29 January 2025","format":false,"excerpt":"The Ibex Experience in the heart of Val de Bagnes \ud83d\ude80 Opening soon \ud83d\ude80 Welcome to Comptoir Ibex, a place where passion for gin, craftsmanship and the pleasure of tasting meet. Located in the heart of the Val de Bagnes, our unique space brings together our distillery, bar and boutique,\u2026","rel":"","context":"Similar post","block_context":{"text":"Similar post","link":""},"img":{"alt_text":"","src":"","width":0,"height":0},"classes":[]},{"id":29314,"url":"https:\/\/ibex-gin.ch\/en\/privacy-policy\/","url_meta":{"origin":29326,"position":3},"title":"Privacy Policy","author":"Dumont Oscar","date":"5 February 2022","format":false,"excerpt":"Who are we ? The address of our site is: https:\/\/ibex-gin.ch. Comments When you leave a comment on our site, the data entered in the comment form, as well as your IP address and the user agent of your browser are collected to help us detect unwanted comments. An anonymized\u2026","rel":"","context":"Similar post","block_context":{"text":"Similar post","link":""},"img":{"alt_text":"","src":"","width":0,"height":0},"classes":[]},{"id":28895,"url":"https:\/\/ibex-gin.ch\/boutique\/remboursements_retours\/","url_meta":{"origin":29326,"position":4},"title":"Politique en mati\u00e8re de remboursements et de retours","author":"Dumont Oscar","date":"5 February 2022","format":false,"excerpt":"1. Champ d\u2019application Les conditions g\u00e9n\u00e9rales de vente ont pour objet de r\u00e9gir les relations entre Ibex Gin SNC et l\u2019internaute, d\u00e9sign\u00e9 ci-apr\u00e8s par le client. La forme masculine \u00ab\u00a0client\u00a0\u00bb employ\u00e9e ci-apr\u00e8s d\u00e9signe naturellement aussi bien les clients que les clientes. L\u2019envoi de la commande du client implique son adh\u00e9sion\u2026","rel":"","context":"Similar post","block_context":{"text":"Similar post","link":""},"img":{"alt_text":"","src":"","width":0,"height":0},"classes":[]},{"id":29338,"url":"https:\/\/ibex-gin.ch\/de\/shop\/rueckerstattungs-und-rueckgaberecht\/","url_meta":{"origin":29326,"position":5},"title":"R\u00fcckerstattungs- und R\u00fcckgaberecht","author":"Dumont Oscar","date":"5 February 2022","format":false,"excerpt":"1. Geltungsbereich Die allgemeinen Verkaufsbedingungen sollen die Beziehung zwischen Ibex Gin SNC und dem Internetnutzer regeln, der im Folgenden vom Kunden bezeichnet wird. Die im Folgenden verwendete m\u00e4nnliche Form \u201eKunde\u201c bezeichnet naturgem\u00e4\u00df sowohl Auftraggeber als auch Auftraggeber. Das Absenden der Bestellung des Kunden impliziert die Annahme dieser Allgemeinen Verkaufsbedingungen in\u2026","rel":"","context":"Similar post","block_context":{"text":"Similar post","link":""},"img":{"alt_text":"","src":"","width":0,"height":0},"classes":[]}],"jetpack_likes_enabled":true,"jetpack_sharing_enabled":true,"_links":{"self":[{"href":"https:\/\/ibex-gin.ch\/en\/wp-json\/wp\/v2\/pages\/29326","targetHints":{"allow":["GET"]}}],"collection":[{"href":"https:\/\/ibex-gin.ch\/en\/wp-json\/wp\/v2\/pages"}],"about":[{"href":"https:\/\/ibex-gin.ch\/en\/wp-json\/wp\/v2\/types\/page"}],"author":[{"embeddable":true,"href":"https:\/\/ibex-gin.ch\/en\/wp-json\/wp\/v2\/users\/1"}],"replies":[{"embeddable":true,"href":"https:\/\/ibex-gin.ch\/en\/wp-json\/wp\/v2\/comments?post=29326"}],"version-history":[{"count":2,"href":"https:\/\/ibex-gin.ch\/en\/wp-json\/wp\/v2\/pages\/29326\/revisions"}],"predecessor-version":[{"id":29595,"href":"https:\/\/ibex-gin.ch\/en\/wp-json\/wp\/v2\/pages\/29326\/revisions\/29595"}],"up":[{"embeddable":true,"href":"https:\/\/ibex-gin.ch\/en\/wp-json\/wp\/v2\/pages\/29092"}],"wp:attachment":[{"href":"https:\/\/ibex-gin.ch\/en\/wp-json\/wp\/v2\/media?parent=29326"}],"curies":[{"name":"wp","href":"https:\/\/api.w.org\/{rel}","templated":true}]}}