{"id":29094,"date":"2022-01-28T18:31:29","date_gmt":"2022-01-28T17:31:29","guid":{"rendered":"https:\/\/ibex-gin.ch\/cart\/"},"modified":"2022-03-15T13:52:41","modified_gmt":"2022-03-15T12:52:41","slug":"cart","status":"publish","type":"page","link":"https:\/\/ibex-gin.ch\/en\/cart\/","title":{"rendered":"Cart"},"content":{"rendered":"\n","protected":false},"excerpt":{"rendered":"","protected":false},"author":1,"featured_media":0,"parent":0,"menu_order":0,"comment_status":"closed","ping_status":"closed","template":"","meta":{"jetpack_post_was_ever_published":false,"footnotes":""},"class_list":["post-29094","page","type-page","status-publish","hentry"],"yoast_head":"<!-- This site is optimized with the Yoast SEO Premium plugin v27.2 (Yoast SEO v27.4) - https:\/\/yoast.com\/product\/yoast-seo-premium-wordpress\/ -->\n<title>Cart - Ibex Gin<\/title>\n<meta name=\"robots\" content=\"index, follow, max-snippet:-1, max-image-preview:large, max-video-preview:-1\" \/>\n<link rel=\"canonical\" href=\"https:\/\/ibex-gin.ch\/en\/cart\/\" \/>\n<meta property=\"og:locale\" content=\"en_US\" \/>\n<meta property=\"og:type\" content=\"article\" \/>\n<meta property=\"og:title\" content=\"Cart\" \/>\n<meta property=\"og:url\" content=\"https:\/\/ibex-gin.ch\/en\/cart\/\" \/>\n<meta property=\"og:site_name\" content=\"Ibex Gin\" \/>\n<meta property=\"article:publisher\" content=\"https:\/\/www.facebook.com\/Ibex.gin\" \/>\n<meta property=\"article:modified_time\" content=\"2022-03-15T12:52:41+00:00\" \/>\n<meta name=\"twitter:card\" content=\"summary_large_image\" \/>\n<script type=\"application\/ld+json\" class=\"yoast-schema-graph\">{\"@context\":\"https:\\\/\\\/schema.org\",\"@graph\":[{\"@type\":\"WebPage\",\"@id\":\"https:\\\/\\\/ibex-gin.ch\\\/en\\\/cart\\\/\",\"url\":\"https:\\\/\\\/ibex-gin.ch\\\/en\\\/cart\\\/\",\"name\":\"Cart - Ibex Gin\",\"isPartOf\":{\"@id\":\"https:\\\/\\\/ibex-gin.ch\\\/en\\\/#website\"},\"datePublished\":\"2022-01-28T17:31:29+00:00\",\"dateModified\":\"2022-03-15T12:52:41+00:00\",\"breadcrumb\":{\"@id\":\"https:\\\/\\\/ibex-gin.ch\\\/en\\\/cart\\\/#breadcrumb\"},\"inLanguage\":\"en-US\",\"potentialAction\":[{\"@type\":\"ReadAction\",\"target\":[\"https:\\\/\\\/ibex-gin.ch\\\/en\\\/cart\\\/\"]}]},{\"@type\":\"BreadcrumbList\",\"@id\":\"https:\\\/\\\/ibex-gin.ch\\\/en\\\/cart\\\/#breadcrumb\",\"itemListElement\":[{\"@type\":\"ListItem\",\"position\":1,\"name\":\"Accueil\",\"item\":\"https:\\\/\\\/ibex-gin.ch\\\/en\\\/\"},{\"@type\":\"ListItem\",\"position\":2,\"name\":\"Cart\"}]},{\"@type\":\"WebSite\",\"@id\":\"https:\\\/\\\/ibex-gin.ch\\\/en\\\/#website\",\"url\":\"https:\\\/\\\/ibex-gin.ch\\\/en\\\/\",\"name\":\"Ibex Gin\",\"description\":\"\",\"publisher\":{\"@id\":\"https:\\\/\\\/ibex-gin.ch\\\/en\\\/#organization\"},\"potentialAction\":[{\"@type\":\"SearchAction\",\"target\":{\"@type\":\"EntryPoint\",\"urlTemplate\":\"https:\\\/\\\/ibex-gin.ch\\\/en\\\/?s={search_term_string}\"},\"query-input\":{\"@type\":\"PropertyValueSpecification\",\"valueRequired\":true,\"valueName\":\"search_term_string\"}}],\"inLanguage\":\"en-US\"},{\"@type\":\"Organization\",\"@id\":\"https:\\\/\\\/ibex-gin.ch\\\/en\\\/#organization\",\"name\":\"Ibex Gin\",\"url\":\"https:\\\/\\\/ibex-gin.ch\\\/en\\\/\",\"logo\":{\"@type\":\"ImageObject\",\"inLanguage\":\"en-US\",\"@id\":\"https:\\\/\\\/ibex-gin.ch\\\/en\\\/#\\\/schema\\\/logo\\\/image\\\/\",\"url\":\"https:\\\/\\\/ibex-gin.ch\\\/wp-content\\\/uploads\\\/2022\\\/01\\\/cropped-Ibex_Logo_2021-2.png\",\"contentUrl\":\"https:\\\/\\\/ibex-gin.ch\\\/wp-content\\\/uploads\\\/2022\\\/01\\\/cropped-Ibex_Logo_2021-2.png\",\"width\":1583,\"height\":1181,\"caption\":\"Ibex Gin\"},\"image\":{\"@id\":\"https:\\\/\\\/ibex-gin.ch\\\/en\\\/#\\\/schema\\\/logo\\\/image\\\/\"},\"sameAs\":[\"https:\\\/\\\/www.facebook.com\\\/Ibex.gin\",\"https:\\\/\\\/www.instagram.com\\\/ibex.gin\\\/\"]}]}<\/script>\n<!-- \/ Yoast SEO Premium plugin. -->","yoast_head_json":{"title":"Cart - Ibex Gin","robots":{"index":"index","follow":"follow","max-snippet":"max-snippet:-1","max-image-preview":"max-image-preview:large","max-video-preview":"max-video-preview:-1"},"canonical":"https:\/\/ibex-gin.ch\/en\/cart\/","og_locale":"en_US","og_type":"article","og_title":"Cart","og_url":"https:\/\/ibex-gin.ch\/en\/cart\/","og_site_name":"Ibex Gin","article_publisher":"https:\/\/www.facebook.com\/Ibex.gin","article_modified_time":"2022-03-15T12:52:41+00:00","twitter_card":"summary_large_image","schema":{"@context":"https:\/\/schema.org","@graph":[{"@type":"WebPage","@id":"https:\/\/ibex-gin.ch\/en\/cart\/","url":"https:\/\/ibex-gin.ch\/en\/cart\/","name":"Cart - Ibex Gin","isPartOf":{"@id":"https:\/\/ibex-gin.ch\/en\/#website"},"datePublished":"2022-01-28T17:31:29+00:00","dateModified":"2022-03-15T12:52:41+00:00","breadcrumb":{"@id":"https:\/\/ibex-gin.ch\/en\/cart\/#breadcrumb"},"inLanguage":"en-US","potentialAction":[{"@type":"ReadAction","target":["https:\/\/ibex-gin.ch\/en\/cart\/"]}]},{"@type":"BreadcrumbList","@id":"https:\/\/ibex-gin.ch\/en\/cart\/#breadcrumb","itemListElement":[{"@type":"ListItem","position":1,"name":"Accueil","item":"https:\/\/ibex-gin.ch\/en\/"},{"@type":"ListItem","position":2,"name":"Cart"}]},{"@type":"WebSite","@id":"https:\/\/ibex-gin.ch\/en\/#website","url":"https:\/\/ibex-gin.ch\/en\/","name":"Ibex Gin","description":"","publisher":{"@id":"https:\/\/ibex-gin.ch\/en\/#organization"},"potentialAction":[{"@type":"SearchAction","target":{"@type":"EntryPoint","urlTemplate":"https:\/\/ibex-gin.ch\/en\/?s={search_term_string}"},"query-input":{"@type":"PropertyValueSpecification","valueRequired":true,"valueName":"search_term_string"}}],"inLanguage":"en-US"},{"@type":"Organization","@id":"https:\/\/ibex-gin.ch\/en\/#organization","name":"Ibex Gin","url":"https:\/\/ibex-gin.ch\/en\/","logo":{"@type":"ImageObject","inLanguage":"en-US","@id":"https:\/\/ibex-gin.ch\/en\/#\/schema\/logo\/image\/","url":"https:\/\/ibex-gin.ch\/wp-content\/uploads\/2022\/01\/cropped-Ibex_Logo_2021-2.png","contentUrl":"https:\/\/ibex-gin.ch\/wp-content\/uploads\/2022\/01\/cropped-Ibex_Logo_2021-2.png","width":1583,"height":1181,"caption":"Ibex Gin"},"image":{"@id":"https:\/\/ibex-gin.ch\/en\/#\/schema\/logo\/image\/"},"sameAs":["https:\/\/www.facebook.com\/Ibex.gin","https:\/\/www.instagram.com\/ibex.gin\/"]}]}},"jetpack-related-posts":[{"id":29721,"url":"https:\/\/ibex-gin.ch\/comptoir-ibex\/","url_meta":{"origin":29094,"position":0},"title":"Comptoir Ibex","author":"Dumont Oscar","date":"29 January 2025","format":false,"excerpt":"L\u2019Exp\u00e9rience Ibex au C\u0153ur du Val de Bagnes Bienvenue au\u00a0Comptoir Ibex, un lieu o\u00f9 la passion du gin, l'artisanat et le plaisir de la d\u00e9gustation se rencontrent. Situ\u00e9 au c\u0153ur du\u00a0Val de Bagnes, notre espace unique regroupe\u00a0notre distillerie,\u00a0notre bar\u00a0et\u00a0notre boutique, cr\u00e9ant ainsi une v\u00e9ritable immersion dans l\u2019univers Ibex. \ud83d\udccd\u00a0Adresse :\u00a0Route\u2026","rel":"","context":"Similar post","block_context":{"text":"Similar post","link":""},"img":{"alt_text":"","src":"https:\/\/i0.wp.com\/ibex-gin.ch\/wp-content\/uploads\/2025\/06\/IMG_3462-scaled.jpeg?resize=350%2C200&ssl=1","width":350,"height":200,"srcset":"https:\/\/i0.wp.com\/ibex-gin.ch\/wp-content\/uploads\/2025\/06\/IMG_3462-scaled.jpeg?resize=350%2C200&ssl=1 1x, https:\/\/i0.wp.com\/ibex-gin.ch\/wp-content\/uploads\/2025\/06\/IMG_3462-scaled.jpeg?resize=525%2C300&ssl=1 1.5x, https:\/\/i0.wp.com\/ibex-gin.ch\/wp-content\/uploads\/2025\/06\/IMG_3462-scaled.jpeg?resize=700%2C400&ssl=1 2x, https:\/\/i0.wp.com\/ibex-gin.ch\/wp-content\/uploads\/2025\/06\/IMG_3462-scaled.jpeg?resize=1050%2C600&ssl=1 3x, https:\/\/i0.wp.com\/ibex-gin.ch\/wp-content\/uploads\/2025\/06\/IMG_3462-scaled.jpeg?resize=1400%2C800&ssl=1 4x"},"classes":[]}],"jetpack_likes_enabled":true,"jetpack_sharing_enabled":true,"_links":{"self":[{"href":"https:\/\/ibex-gin.ch\/en\/wp-json\/wp\/v2\/pages\/29094","targetHints":{"allow":["GET"]}}],"collection":[{"href":"https:\/\/ibex-gin.ch\/en\/wp-json\/wp\/v2\/pages"}],"about":[{"href":"https:\/\/ibex-gin.ch\/en\/wp-json\/wp\/v2\/types\/page"}],"author":[{"embeddable":true,"href":"https:\/\/ibex-gin.ch\/en\/wp-json\/wp\/v2\/users\/1"}],"replies":[{"embeddable":true,"href":"https:\/\/ibex-gin.ch\/en\/wp-json\/wp\/v2\/comments?post=29094"}],"version-history":[{"count":0,"href":"https:\/\/ibex-gin.ch\/en\/wp-json\/wp\/v2\/pages\/29094\/revisions"}],"wp:attachment":[{"href":"https:\/\/ibex-gin.ch\/en\/wp-json\/wp\/v2\/media?parent=29094"}],"curies":[{"name":"wp","href":"https:\/\/api.w.org\/{rel}","templated":true}]}}