{"id":29418,"date":"2022-12-11T13:45:37","date_gmt":"2022-12-11T12:45:37","guid":{"rendered":"https:\/\/ibex-gin.ch\/produit\/ibex-gin-classic-edition\/"},"modified":"2024-12-19T16:29:53","modified_gmt":"2024-12-19T15:29:53","slug":"ibex-gin-classic-edition","status":"publish","type":"product","link":"https:\/\/ibex-gin.ch\/de\/produit\/ibex-gin-classic-edition\/","title":{"rendered":"Ibex Gin Classic Edition"},"content":{"rendered":"<p>Ibex Gin Classic Edition<\/p>\n<p>Bezeichnung: London Dry Gin<\/p>\n<p>Zutaten: Wacholderbeere Bio, frische Zitronen- und Orangenschalen Bio, S\u00fc\u00dfholz Bio, Koriandersamen Bio, Holunder Bio, Ingwer, Neutralalkohol und Quellwasser aus den Alpen.<\/p>\n<p>Farbe: Kristallin<\/p>\n<p>Nase: Reichhaltig, enth\u00fcllt Noten von Zitrusfr\u00fcchten, Wacholder und Gew\u00fcrzen<\/p>\n<p>Mund: Seidige Textur am Gaumen, gro\u00dfz\u00fcgiger Auftakt mit Wacholder, sch\u00f6ne Pr\u00e4senz von Orangen und ein Abgang mit Gew\u00fcrzen und besonders Pfeffer. Sch\u00f6n ausgewogen, angenehm rund mit einer sch\u00f6nen L\u00e4nge.<\/p>\n<p>Abgang : Lang mit einer leichten Zitronen- und Bitternote.<\/p>\n<p>Alkoholgehalt: 40 %.<\/p>\n<p>Inhalt: 500 ml.<\/p>\n<p>Verkostung: Gut gek\u00fchlt &#8222;on the rock&#8220; oder mit einem Tonic<\/p>\n<p>100% Schweizer Produktion: Ibex Gin k\u00fcmmert sich an zwei Standorten in Bex und Verbier um alle Produktions- und Vertriebsphasen (Mazeration, Filtration, Abf\u00fcllung, &#8230;). Lediglich die Destillation erfolgt in Martigny durch die Destillerie Louis Morand &amp; Cie SA.<\/p>\n<p>&nbsp;<\/p>\n<p>&nbsp;<\/p>\n","protected":false},"excerpt":{"rendered":"<p>Gin Classic Edition a Seidige Textur am Gaumen, gro\u00dfz\u00fcgiger Auftakt mit Wacholder, sch\u00f6ne Pr\u00e4senz von Orangen und ein Abgang mit Gew\u00fcrzen und besonders Pfeffer. Sch\u00f6n ausgewogen, angenehm rund mit einer sch\u00f6nen L\u00e4nge.<\/p>\n<p>&nbsp;<\/p>\n","protected":false},"featured_media":29591,"comment_status":"open","ping_status":"closed","template":"","meta":{"jetpack_post_was_ever_published":false,"jetpack_publicize_message":"","jetpack_publicize_feature_enabled":true,"jetpack_social_post_already_shared":true,"jetpack_social_options":{"image_generator_settings":{"template":"highway","default_image_id":0,"font":"","enabled":false},"version":2}},"product_brand":[],"product_cat":[48],"product_tag":[],"class_list":{"0":"post-29418","1":"product","2":"type-product","3":"status-publish","4":"has-post-thumbnail","6":"product_cat-spirituosen","8":"first","9":"instock","10":"featured","11":"taxable","12":"shipping-taxable","13":"purchasable","14":"product-type-simple"},"yoast_head":"<!-- This site is optimized with the Yoast SEO Premium plugin v27.2 (Yoast SEO v27.3) - https:\/\/yoast.com\/product\/yoast-seo-premium-wordpress\/ -->\n<title>Ibex Gin Classic Edition: Gin London Dry - Noten von Zitrusfr\u00fcchten und Gew\u00fcrzen - Ibex Gin<\/title>\n<meta name=\"description\" content=\"Der Ibex Gin Classic edition hat einen gro\u00dfz\u00fcgigen Auftakt mit Wacholder, sch\u00f6ner Orangenpr\u00e4senz und einem Abgang mit Gew\u00fcrzen und besonders Pfeffer.\" \/>\n<meta name=\"robots\" content=\"index, follow, max-snippet:-1, max-image-preview:large, max-video-preview:-1\" \/>\n<link rel=\"canonical\" href=\"https:\/\/ibex-gin.ch\/de\/produit\/ibex-gin-classic-edition\/\" \/>\n<meta property=\"og:locale\" content=\"de_DE\" \/>\n<meta property=\"og:type\" content=\"article\" \/>\n<meta property=\"og:title\" content=\"Ibex Gin Classic Edition\" \/>\n<meta property=\"og:description\" content=\"Der Ibex Gin Classic edition hat einen gro\u00dfz\u00fcgigen Auftakt mit Wacholder, sch\u00f6ner Orangenpr\u00e4senz und einem Abgang mit Gew\u00fcrzen und besonders Pfeffer.\" \/>\n<meta property=\"og:url\" content=\"https:\/\/ibex-gin.ch\/de\/produit\/ibex-gin-classic-edition\/\" \/>\n<meta property=\"og:site_name\" content=\"Ibex Gin\" \/>\n<meta property=\"article:publisher\" content=\"https:\/\/www.facebook.com\/Ibex.gin\" \/>\n<meta property=\"article:modified_time\" content=\"2024-12-19T15:29:53+00:00\" \/>\n<meta name=\"twitter:card\" content=\"summary_large_image\" \/>\n<meta name=\"twitter:label1\" content=\"Preis\" \/>\n\t<meta name=\"twitter:data1\" content=\"&#067;&#072;&#070;&nbsp;39.00\" \/>\n\t<meta name=\"twitter:label2\" content=\"Verf\u00fcgbarkeit\" \/>\n\t<meta name=\"twitter:data2\" content=\"Auf Lager\" \/>\n<script type=\"application\/ld+json\" class=\"yoast-schema-graph\">{\"@context\":\"https:\\\/\\\/schema.org\",\"@graph\":[{\"@type\":\"WebPage\",\"@id\":\"https:\\\/\\\/ibex-gin.ch\\\/de\\\/produit\\\/ibex-gin-classic-edition\\\/\",\"url\":\"https:\\\/\\\/ibex-gin.ch\\\/de\\\/produit\\\/ibex-gin-classic-edition\\\/\",\"name\":\"Ibex Gin Classic Edition: Gin London Dry - Noten von Zitrusfr\u00fcchten und Gew\u00fcrzen - Ibex Gin\",\"isPartOf\":{\"@id\":\"https:\\\/\\\/ibex-gin.ch\\\/de\\\/#website\"},\"primaryImageOfPage\":{\"@id\":\"https:\\\/\\\/ibex-gin.ch\\\/de\\\/produit\\\/ibex-gin-classic-edition\\\/#primaryimage\"},\"image\":{\"@id\":\"https:\\\/\\\/ibex-gin.ch\\\/de\\\/produit\\\/ibex-gin-classic-edition\\\/#primaryimage\"},\"thumbnailUrl\":\"https:\\\/\\\/i0.wp.com\\\/ibex-gin.ch\\\/wp-content\\\/uploads\\\/2022\\\/12\\\/IBEX-gin-classic.png?fit=4822%2C4822&ssl=1\",\"datePublished\":\"2022-12-11T12:45:37+00:00\",\"dateModified\":\"2024-12-19T15:29:53+00:00\",\"description\":\"Der Ibex Gin Classic edition hat einen gro\u00dfz\u00fcgigen Auftakt mit Wacholder, sch\u00f6ner Orangenpr\u00e4senz und einem Abgang mit Gew\u00fcrzen und besonders Pfeffer.\",\"breadcrumb\":{\"@id\":\"https:\\\/\\\/ibex-gin.ch\\\/de\\\/produit\\\/ibex-gin-classic-edition\\\/#breadcrumb\"},\"inLanguage\":\"de\",\"potentialAction\":[{\"@type\":\"ReadAction\",\"target\":[\"https:\\\/\\\/ibex-gin.ch\\\/de\\\/produit\\\/ibex-gin-classic-edition\\\/\"]}]},{\"@type\":\"ImageObject\",\"inLanguage\":\"de\",\"@id\":\"https:\\\/\\\/ibex-gin.ch\\\/de\\\/produit\\\/ibex-gin-classic-edition\\\/#primaryimage\",\"url\":\"https:\\\/\\\/i0.wp.com\\\/ibex-gin.ch\\\/wp-content\\\/uploads\\\/2022\\\/12\\\/IBEX-gin-classic.png?fit=4822%2C4822&ssl=1\",\"contentUrl\":\"https:\\\/\\\/i0.wp.com\\\/ibex-gin.ch\\\/wp-content\\\/uploads\\\/2022\\\/12\\\/IBEX-gin-classic.png?fit=4822%2C4822&ssl=1\",\"width\":4822,\"height\":4822},{\"@type\":\"BreadcrumbList\",\"@id\":\"https:\\\/\\\/ibex-gin.ch\\\/de\\\/produit\\\/ibex-gin-classic-edition\\\/#breadcrumb\",\"itemListElement\":[{\"@type\":\"ListItem\",\"position\":1,\"name\":\"Accueil\",\"item\":\"https:\\\/\\\/ibex-gin.ch\\\/de\\\/\"},{\"@type\":\"ListItem\",\"position\":2,\"name\":\"Shop\",\"item\":\"https:\\\/\\\/ibex-gin.ch\\\/de\\\/shop\\\/\"},{\"@type\":\"ListItem\",\"position\":3,\"name\":\"Ibex Gin Classic Edition\"}]},{\"@type\":\"WebSite\",\"@id\":\"https:\\\/\\\/ibex-gin.ch\\\/de\\\/#website\",\"url\":\"https:\\\/\\\/ibex-gin.ch\\\/de\\\/\",\"name\":\"Ibex Gin\",\"description\":\"\",\"publisher\":{\"@id\":\"https:\\\/\\\/ibex-gin.ch\\\/de\\\/#organization\"},\"potentialAction\":[{\"@type\":\"SearchAction\",\"target\":{\"@type\":\"EntryPoint\",\"urlTemplate\":\"https:\\\/\\\/ibex-gin.ch\\\/de\\\/?s={search_term_string}\"},\"query-input\":{\"@type\":\"PropertyValueSpecification\",\"valueRequired\":true,\"valueName\":\"search_term_string\"}}],\"inLanguage\":\"de\"},{\"@type\":\"Organization\",\"@id\":\"https:\\\/\\\/ibex-gin.ch\\\/de\\\/#organization\",\"name\":\"Ibex Gin\",\"url\":\"https:\\\/\\\/ibex-gin.ch\\\/de\\\/\",\"logo\":{\"@type\":\"ImageObject\",\"inLanguage\":\"de\",\"@id\":\"https:\\\/\\\/ibex-gin.ch\\\/de\\\/#\\\/schema\\\/logo\\\/image\\\/\",\"url\":\"https:\\\/\\\/ibex-gin.ch\\\/wp-content\\\/uploads\\\/2022\\\/01\\\/cropped-Ibex_Logo_2021-2.png\",\"contentUrl\":\"https:\\\/\\\/ibex-gin.ch\\\/wp-content\\\/uploads\\\/2022\\\/01\\\/cropped-Ibex_Logo_2021-2.png\",\"width\":1583,\"height\":1181,\"caption\":\"Ibex Gin\"},\"image\":{\"@id\":\"https:\\\/\\\/ibex-gin.ch\\\/de\\\/#\\\/schema\\\/logo\\\/image\\\/\"},\"sameAs\":[\"https:\\\/\\\/www.facebook.com\\\/Ibex.gin\",\"https:\\\/\\\/www.instagram.com\\\/ibex.gin\\\/\"]}]}<\/script>\n<meta property=\"product:price:amount\" content=\"39.00\" \/>\n<meta property=\"product:price:currency\" content=\"CHF\" \/>\n<meta property=\"og:availability\" content=\"instock\" \/>\n<meta property=\"product:availability\" content=\"instock\" \/>\n<meta property=\"product:retailer_item_id\" content=\"BLU001\" \/>\n<meta property=\"product:condition\" content=\"new\" \/>\n<!-- \/ Yoast SEO Premium plugin. -->","yoast_head_json":{"title":"Ibex Gin Classic Edition: Gin London Dry - Noten von Zitrusfr\u00fcchten und Gew\u00fcrzen - Ibex Gin","description":"Der Ibex Gin Classic edition hat einen gro\u00dfz\u00fcgigen Auftakt mit Wacholder, sch\u00f6ner Orangenpr\u00e4senz und einem Abgang mit Gew\u00fcrzen und besonders Pfeffer.","robots":{"index":"index","follow":"follow","max-snippet":"max-snippet:-1","max-image-preview":"max-image-preview:large","max-video-preview":"max-video-preview:-1"},"canonical":"https:\/\/ibex-gin.ch\/de\/produit\/ibex-gin-classic-edition\/","og_locale":"de_DE","og_type":"article","og_title":"Ibex Gin Classic Edition","og_description":"Der Ibex Gin Classic edition hat einen gro\u00dfz\u00fcgigen Auftakt mit Wacholder, sch\u00f6ner Orangenpr\u00e4senz und einem Abgang mit Gew\u00fcrzen und besonders Pfeffer.","og_url":"https:\/\/ibex-gin.ch\/de\/produit\/ibex-gin-classic-edition\/","og_site_name":"Ibex Gin","article_publisher":"https:\/\/www.facebook.com\/Ibex.gin","article_modified_time":"2024-12-19T15:29:53+00:00","twitter_card":"summary_large_image","twitter_misc":{"Preis":"&#67;&#72;&#70;&nbsp;39.00","Verf\u00fcgbarkeit":"Auf Lager"},"schema":{"@context":"https:\/\/schema.org","@graph":[{"@type":"WebPage","@id":"https:\/\/ibex-gin.ch\/de\/produit\/ibex-gin-classic-edition\/","url":"https:\/\/ibex-gin.ch\/de\/produit\/ibex-gin-classic-edition\/","name":"Ibex Gin Classic Edition: Gin London Dry - Noten von Zitrusfr\u00fcchten und Gew\u00fcrzen - Ibex Gin","isPartOf":{"@id":"https:\/\/ibex-gin.ch\/de\/#website"},"primaryImageOfPage":{"@id":"https:\/\/ibex-gin.ch\/de\/produit\/ibex-gin-classic-edition\/#primaryimage"},"image":{"@id":"https:\/\/ibex-gin.ch\/de\/produit\/ibex-gin-classic-edition\/#primaryimage"},"thumbnailUrl":"https:\/\/i0.wp.com\/ibex-gin.ch\/wp-content\/uploads\/2022\/12\/IBEX-gin-classic.png?fit=4822%2C4822&ssl=1","datePublished":"2022-12-11T12:45:37+00:00","dateModified":"2024-12-19T15:29:53+00:00","description":"Der Ibex Gin Classic edition hat einen gro\u00dfz\u00fcgigen Auftakt mit Wacholder, sch\u00f6ner Orangenpr\u00e4senz und einem Abgang mit Gew\u00fcrzen und besonders Pfeffer.","breadcrumb":{"@id":"https:\/\/ibex-gin.ch\/de\/produit\/ibex-gin-classic-edition\/#breadcrumb"},"inLanguage":"de","potentialAction":[{"@type":"ReadAction","target":["https:\/\/ibex-gin.ch\/de\/produit\/ibex-gin-classic-edition\/"]}]},{"@type":"ImageObject","inLanguage":"de","@id":"https:\/\/ibex-gin.ch\/de\/produit\/ibex-gin-classic-edition\/#primaryimage","url":"https:\/\/i0.wp.com\/ibex-gin.ch\/wp-content\/uploads\/2022\/12\/IBEX-gin-classic.png?fit=4822%2C4822&ssl=1","contentUrl":"https:\/\/i0.wp.com\/ibex-gin.ch\/wp-content\/uploads\/2022\/12\/IBEX-gin-classic.png?fit=4822%2C4822&ssl=1","width":4822,"height":4822},{"@type":"BreadcrumbList","@id":"https:\/\/ibex-gin.ch\/de\/produit\/ibex-gin-classic-edition\/#breadcrumb","itemListElement":[{"@type":"ListItem","position":1,"name":"Accueil","item":"https:\/\/ibex-gin.ch\/de\/"},{"@type":"ListItem","position":2,"name":"Shop","item":"https:\/\/ibex-gin.ch\/de\/shop\/"},{"@type":"ListItem","position":3,"name":"Ibex Gin Classic Edition"}]},{"@type":"WebSite","@id":"https:\/\/ibex-gin.ch\/de\/#website","url":"https:\/\/ibex-gin.ch\/de\/","name":"Ibex Gin","description":"","publisher":{"@id":"https:\/\/ibex-gin.ch\/de\/#organization"},"potentialAction":[{"@type":"SearchAction","target":{"@type":"EntryPoint","urlTemplate":"https:\/\/ibex-gin.ch\/de\/?s={search_term_string}"},"query-input":{"@type":"PropertyValueSpecification","valueRequired":true,"valueName":"search_term_string"}}],"inLanguage":"de"},{"@type":"Organization","@id":"https:\/\/ibex-gin.ch\/de\/#organization","name":"Ibex Gin","url":"https:\/\/ibex-gin.ch\/de\/","logo":{"@type":"ImageObject","inLanguage":"de","@id":"https:\/\/ibex-gin.ch\/de\/#\/schema\/logo\/image\/","url":"https:\/\/ibex-gin.ch\/wp-content\/uploads\/2022\/01\/cropped-Ibex_Logo_2021-2.png","contentUrl":"https:\/\/ibex-gin.ch\/wp-content\/uploads\/2022\/01\/cropped-Ibex_Logo_2021-2.png","width":1583,"height":1181,"caption":"Ibex Gin"},"image":{"@id":"https:\/\/ibex-gin.ch\/de\/#\/schema\/logo\/image\/"},"sameAs":["https:\/\/www.facebook.com\/Ibex.gin","https:\/\/www.instagram.com\/ibex.gin\/"]}]},"product_price_amount":"39.00","product_price_currency":"CHF","og_availability":"instock","product_availability":"instock","product_retailer_item_id":"BLU001","product_condition":"new"},"jetpack_publicize_connections":[],"jetpack-related-posts":[{"id":29527,"url":"https:\/\/ibex-gin.ch\/de\/produit\/minionette-ibex-gin-classic-edition\/","url_meta":{"origin":29418,"position":0},"title":"Mini Ibex Gin Classic Edition","author":"Dumont Oscar","date":"18. Mai 2024","format":false,"excerpt":"Gin Classic Edition a Seidige Textur am Gaumen, gro\u00dfz\u00fcgiger Auftakt mit Wacholder, sch\u00f6ne Pr\u00e4senz von Orangen und ein Abgang mit Gew\u00fcrzen und besonders Pfeffer. Sch\u00f6n ausgewogen, angenehm rund mit einer sch\u00f6nen L\u00e4nge. \u00a0","rel":"","context":"\u00c4hnlicher Beitrag","block_context":{"text":"\u00c4hnlicher Beitrag","link":""},"img":{"alt_text":"","src":"https:\/\/i0.wp.com\/ibex-gin.ch\/wp-content\/uploads\/2024\/05\/Classic-Mini-2.png?fit=1200%2C1200&ssl=1&resize=350%2C200","width":350,"height":200,"srcset":"https:\/\/i0.wp.com\/ibex-gin.ch\/wp-content\/uploads\/2024\/05\/Classic-Mini-2.png?fit=1200%2C1200&ssl=1&resize=350%2C200 1x, https:\/\/i0.wp.com\/ibex-gin.ch\/wp-content\/uploads\/2024\/05\/Classic-Mini-2.png?fit=1200%2C1200&ssl=1&resize=525%2C300 1.5x, https:\/\/i0.wp.com\/ibex-gin.ch\/wp-content\/uploads\/2024\/05\/Classic-Mini-2.png?fit=1200%2C1200&ssl=1&resize=700%2C400 2x, https:\/\/i0.wp.com\/ibex-gin.ch\/wp-content\/uploads\/2024\/05\/Classic-Mini-2.png?fit=1200%2C1200&ssl=1&resize=1050%2C600 3x"},"classes":[]},{"id":29323,"url":"https:\/\/ibex-gin.ch\/produit\/ibex-alpine-swiss-gin-red-chili-edition\/","url_meta":{"origin":29418,"position":1},"title":"IBEX ALPINE SWISS GIN Red Chili Edition","author":"Dumont Oscar","date":"30. Januar 2022","format":false,"excerpt":"Ibex Gin Red Chili Edition ist ein trockener Gin mit einer intensiven und ausdrucksstarken Nase, die zuerst Zitrusnoten offenbart, dann eine pflanzliche Seite mit Wacholder und einem subtilen Chili. Es hat eine sch\u00f6ne Textur am Gaumen, der Pfeffer gibt einen w\u00fcrzigen Start, der dann mit den Zitrusnoten harmoniert, wo die\u2026","rel":"","context":"\u00c4hnlicher Beitrag","block_context":{"text":"\u00c4hnlicher Beitrag","link":""},"img":{"alt_text":"","src":"","width":0,"height":0},"classes":[]},{"id":29529,"url":"https:\/\/ibex-gin.ch\/de\/produit\/ibex-alpine-swiss-gin-red-chili-edition-mignonnette\/","url_meta":{"origin":29418,"position":2},"title":"Mini IBEX ALPINE SWISS GIN Red Chili edition","author":"Dumont Oscar","date":"18. Mai 2024","format":false,"excerpt":"Ibex Gin Red Chili Edition ist ein Dry Gin mit einer intensiven und ausdrucksstarken Nase. Er enth\u00fcllt zun\u00e4chst Zitrusnoten, dann eine pflanzliche Seite mit Wacholder und subtilem Piment. Er hat eine sch\u00f6ne Textur am Gaumen, das Piment sorgt f\u00fcr einen w\u00fcrzigen Auftakt, der dann mit den Zitrusnoten harmoniert, wobei die\u2026","rel":"","context":"\u00c4hnlicher Beitrag","block_context":{"text":"\u00c4hnlicher Beitrag","link":""},"img":{"alt_text":"","src":"https:\/\/i0.wp.com\/ibex-gin.ch\/wp-content\/uploads\/2024\/05\/Red-chilli-mini_.png?fit=1200%2C1200&ssl=1&resize=350%2C200","width":350,"height":200,"srcset":"https:\/\/i0.wp.com\/ibex-gin.ch\/wp-content\/uploads\/2024\/05\/Red-chilli-mini_.png?fit=1200%2C1200&ssl=1&resize=350%2C200 1x, https:\/\/i0.wp.com\/ibex-gin.ch\/wp-content\/uploads\/2024\/05\/Red-chilli-mini_.png?fit=1200%2C1200&ssl=1&resize=525%2C300 1.5x, https:\/\/i0.wp.com\/ibex-gin.ch\/wp-content\/uploads\/2024\/05\/Red-chilli-mini_.png?fit=1200%2C1200&ssl=1&resize=700%2C400 2x, https:\/\/i0.wp.com\/ibex-gin.ch\/wp-content\/uploads\/2024\/05\/Red-chilli-mini_.png?fit=1200%2C1200&ssl=1&resize=1050%2C600 3x"},"classes":[]},{"id":29340,"url":"https:\/\/ibex-gin.ch\/de\/produit\/hoodie-mit-logo\/","url_meta":{"origin":29418,"position":3},"title":"IBEX ALPINE SWISS GIN Red Chili Edition","author":"Dumont Oscar","date":"30. Januar 2022","format":false,"excerpt":"Ibex Gin Red Chili Edition ist ein Dry Gin mit einer intensiven und ausdrucksstarken Nase. Er enth\u00fcllt zun\u00e4chst Zitrusnoten, dann eine pflanzliche Seite mit Wacholder und subtilem Piment. Er hat eine sch\u00f6ne Textur am Gaumen, das Piment sorgt f\u00fcr einen w\u00fcrzigen Auftakt, der dann mit den Zitrusnoten harmoniert, wobei die\u2026","rel":"","context":"\u00c4hnlicher Beitrag","block_context":{"text":"\u00c4hnlicher Beitrag","link":""},"img":{"alt_text":"","src":"https:\/\/i0.wp.com\/ibex-gin.ch\/wp-content\/uploads\/2022\/01\/Ibex-gin-chili-new-design.png?fit=1200%2C1200&ssl=1&resize=350%2C200","width":350,"height":200,"srcset":"https:\/\/i0.wp.com\/ibex-gin.ch\/wp-content\/uploads\/2022\/01\/Ibex-gin-chili-new-design.png?fit=1200%2C1200&ssl=1&resize=350%2C200 1x, https:\/\/i0.wp.com\/ibex-gin.ch\/wp-content\/uploads\/2022\/01\/Ibex-gin-chili-new-design.png?fit=1200%2C1200&ssl=1&resize=525%2C300 1.5x, https:\/\/i0.wp.com\/ibex-gin.ch\/wp-content\/uploads\/2022\/01\/Ibex-gin-chili-new-design.png?fit=1200%2C1200&ssl=1&resize=700%2C400 2x, https:\/\/i0.wp.com\/ibex-gin.ch\/wp-content\/uploads\/2022\/01\/Ibex-gin-chili-new-design.png?fit=1200%2C1200&ssl=1&resize=1050%2C600 3x"},"classes":[]},{"id":29703,"url":"https:\/\/ibex-gin.ch\/de\/produit\/daemonenlikoer\/","url_meta":{"origin":29418,"position":4},"title":"D\u00e4monenlik\u00f6r","author":"Dumont Oscar","date":"28. November 2024","format":false,"excerpt":"Lik\u00f6r des D\u00e4mons Zutaten: Dieses Produkt basiert auf dem Red Chili Edition Gin. Eine zweite Mazeration mit Ibiskusbl\u00fcten geht einer zweiten Destillation voraus, bevor ein Chili-Zuckersirup hinzugef\u00fcgt wird. Farbe: Farblos und klar Nase: Zitronig und blumig, der Sirup verleiht eine gewisse S\u00fc\u00dfe. Gaumen: Der Auftakt ist w\u00fcrzig und man erkennt\u2026","rel":"","context":"\u00c4hnlicher Beitrag","block_context":{"text":"\u00c4hnlicher Beitrag","link":""},"img":{"alt_text":"","src":"https:\/\/i0.wp.com\/ibex-gin.ch\/wp-content\/uploads\/2024\/11\/liqeur-du-demon-ibex.png?fit=1200%2C1200&ssl=1&resize=350%2C200","width":350,"height":200,"srcset":"https:\/\/i0.wp.com\/ibex-gin.ch\/wp-content\/uploads\/2024\/11\/liqeur-du-demon-ibex.png?fit=1200%2C1200&ssl=1&resize=350%2C200 1x, https:\/\/i0.wp.com\/ibex-gin.ch\/wp-content\/uploads\/2024\/11\/liqeur-du-demon-ibex.png?fit=1200%2C1200&ssl=1&resize=525%2C300 1.5x, https:\/\/i0.wp.com\/ibex-gin.ch\/wp-content\/uploads\/2024\/11\/liqeur-du-demon-ibex.png?fit=1200%2C1200&ssl=1&resize=700%2C400 2x, https:\/\/i0.wp.com\/ibex-gin.ch\/wp-content\/uploads\/2024\/11\/liqeur-du-demon-ibex.png?fit=1200%2C1200&ssl=1&resize=1050%2C600 3x"},"classes":[]},{"id":29712,"url":"https:\/\/ibex-gin.ch\/de\/produit\/ibex-gin-limited-edition-box\/","url_meta":{"origin":29418,"position":5},"title":"Ibex Gin &#8211; Limited Edition Box","author":"Dumont Oscar","date":"1. Dezember 2024","format":false,"excerpt":"Entdecken Sie die Welt vonIbex Gin mit dieser Dose in limitierter Auflage, ideal f\u00fcr Liebhaber von raffinierten Cocktails und authentischen Aromen. \ud83c\udf81","rel":"","context":"\u00c4hnlicher Beitrag","block_context":{"text":"\u00c4hnlicher Beitrag","link":""},"img":{"alt_text":"","src":"https:\/\/i0.wp.com\/ibex-gin.ch\/wp-content\/uploads\/2024\/12\/IMG_2841-scaled.jpeg?fit=1200%2C1200&ssl=1&resize=350%2C200","width":350,"height":200,"srcset":"https:\/\/i0.wp.com\/ibex-gin.ch\/wp-content\/uploads\/2024\/12\/IMG_2841-scaled.jpeg?fit=1200%2C1200&ssl=1&resize=350%2C200 1x, https:\/\/i0.wp.com\/ibex-gin.ch\/wp-content\/uploads\/2024\/12\/IMG_2841-scaled.jpeg?fit=1200%2C1200&ssl=1&resize=525%2C300 1.5x, https:\/\/i0.wp.com\/ibex-gin.ch\/wp-content\/uploads\/2024\/12\/IMG_2841-scaled.jpeg?fit=1200%2C1200&ssl=1&resize=700%2C400 2x, https:\/\/i0.wp.com\/ibex-gin.ch\/wp-content\/uploads\/2024\/12\/IMG_2841-scaled.jpeg?fit=1200%2C1200&ssl=1&resize=1050%2C600 3x"},"classes":[]}],"jetpack_likes_enabled":true,"jetpack_sharing_enabled":true,"_links":{"self":[{"href":"https:\/\/ibex-gin.ch\/de\/wp-json\/wp\/v2\/product\/29418","targetHints":{"allow":["GET"]}}],"collection":[{"href":"https:\/\/ibex-gin.ch\/de\/wp-json\/wp\/v2\/product"}],"about":[{"href":"https:\/\/ibex-gin.ch\/de\/wp-json\/wp\/v2\/types\/product"}],"replies":[{"embeddable":true,"href":"https:\/\/ibex-gin.ch\/de\/wp-json\/wp\/v2\/comments?post=29418"}],"wp:featuredmedia":[{"embeddable":true,"href":"https:\/\/ibex-gin.ch\/de\/wp-json\/wp\/v2\/media\/29591"}],"wp:attachment":[{"href":"https:\/\/ibex-gin.ch\/de\/wp-json\/wp\/v2\/media?parent=29418"}],"wp:term":[{"taxonomy":"product_brand","embeddable":true,"href":"https:\/\/ibex-gin.ch\/de\/wp-json\/wp\/v2\/product_brand?post=29418"},{"taxonomy":"product_cat","embeddable":true,"href":"https:\/\/ibex-gin.ch\/de\/wp-json\/wp\/v2\/product_cat?post=29418"},{"taxonomy":"product_tag","embeddable":true,"href":"https:\/\/ibex-gin.ch\/de\/wp-json\/wp\/v2\/product_tag?post=29418"}],"curies":[{"name":"wp","href":"https:\/\/api.w.org\/{rel}","templated":true}]}}