{"id":29340,"date":"2022-01-30T19:30:42","date_gmt":"2022-01-30T18:30:42","guid":{"rendered":"https:\/\/ibex-gin.ch\/produit\/ibex-alpine-swiss-gin-red-chili-edition\/"},"modified":"2024-12-19T16:29:53","modified_gmt":"2024-12-19T15:29:53","slug":"hoodie-mit-logo","status":"publish","type":"product","link":"https:\/\/ibex-gin.ch\/de\/produit\/hoodie-mit-logo\/","title":{"rendered":"IBEX ALPINE SWISS GIN Red Chili Edition"},"content":{"rendered":"<p class=\"p1\">Name:<\/p>\n<p class=\"p2\">Trockener Gin<\/p>\n<p class=\"p1\">Zutaten :<\/p>\n<p class=\"p2\">Bio-Wacholderbeere, Bio-Zitronen- und Orangenschalen, Bio-S\u00fc\u00dfholz, Bio-Koriandersamen, Bio-Holunder, Ingwer, zwei Paprikasorten, Neutralalkohol und Quellwasser aus den Alpen.<\/p>\n<p class=\"p1\">Farbe :<\/p>\n<p class=\"p2\">Kristallin<\/p>\n<p class=\"p1\">Nase :<\/p>\n<p class=\"p2\">Intensiv und ausdrucksstark offenbart er zuerst Zitrusnoten, dann eine pflanzliche Seite mit Wacholder und einem subtilen Chili.<\/p>\n<p class=\"p1\">Stickig :<\/p>\n<p class=\"p2\">Sch\u00f6ne Textur am Gaumen, der Pfeffer gibt einen w\u00fcrzigen Start, der dann mit den Zitrusnoten harmoniert, wo die Orange leicht \u00fcbernimmt und Rundheit bringt. Sch\u00f6ne Balance.<\/p>\n<p class=\"p1\">Finale:<\/p>\n<p class=\"p2\">Lang und w\u00fcrzig (Chili, Wacholder).<\/p>\n<p class=\"p1\">Alkoholgehalt:<\/p>\n<p class=\"p2\">40%<\/p>\n<p class=\"p1\">Kapazit\u00e4t:<\/p>\n<p class=\"p2\">500ml.<\/p>\n<p class=\"p1\">Verkostung <span class=\"s1\">:<\/span><\/p>\n<p class=\"p2\">Ganz frisch \u201eon the rock\u201c, mit einem Tonic oder sogar in Gin Fizz.<\/p>\n<p class=\"p1\">100% Schweizer Produktion:<\/p>\n<p class=\"p1\">Ibex Gin k\u00fcmmert sich um alle Produktions- und Vertriebsphasen an zwei Standorten in Bex und Verbier (Mazeration, Filtration,<\/p>\n<p class=\"p2\">Abf\u00fcllung usw.). Lediglich die Destillation erfolgt in Martigny durch die Destillerie Louis Morand &amp; Cie SA.<\/p>\n","protected":false},"excerpt":{"rendered":"<p>Ibex Gin Red Chili Edition ist ein Dry Gin mit einer intensiven und ausdrucksstarken Nase. Er enth\u00fcllt zun\u00e4chst Zitrusnoten, dann eine pflanzliche Seite mit Wacholder und subtilem Piment.<br \/>\nEr hat eine sch\u00f6ne Textur am Gaumen, das Piment sorgt f\u00fcr einen w\u00fcrzigen Auftakt, der dann mit den Zitrusnoten harmoniert, wobei die Orange leicht die Oberhand gewinnt und f\u00fcr Abrundung sorgt.<\/p>\n","protected":false},"featured_media":29598,"comment_status":"open","ping_status":"closed","template":"","meta":{"jetpack_post_was_ever_published":false,"jetpack_publicize_message":"","jetpack_publicize_feature_enabled":true,"jetpack_social_post_already_shared":true,"jetpack_social_options":{"image_generator_settings":{"template":"highway","default_image_id":0,"font":"","enabled":false},"version":2}},"product_brand":[],"product_cat":[48],"product_tag":[],"class_list":{"0":"post-29340","1":"product","2":"type-product","3":"status-publish","4":"has-post-thumbnail","6":"product_cat-spirituosen","8":"first","9":"instock","10":"featured","11":"taxable","12":"shipping-taxable","13":"purchasable","14":"product-type-simple"},"yoast_head":"<!-- This site is optimized with the Yoast SEO Premium plugin v27.2 (Yoast SEO v27.3) - https:\/\/yoast.com\/product\/yoast-seo-premium-wordpress\/ -->\n<title>IBEX ALPINE SWISS GIN Red Chili Edition - Ibex Gin<\/title>\n<meta name=\"description\" content=\"Ibex Gin Red Chili Edition ist ein trockener Gin mit einer intensiven und ausdrucksstarken Nase, die zuerst Zitrusnoten offenbart, dann eine pflanzliche Seite mit Wacholder und einem subtilen Chili.\" \/>\n<meta name=\"robots\" content=\"index, follow, max-snippet:-1, max-image-preview:large, max-video-preview:-1\" \/>\n<link rel=\"canonical\" href=\"https:\/\/ibex-gin.ch\/de\/produit\/hoodie-mit-logo\/\" \/>\n<meta property=\"og:locale\" content=\"de_DE\" \/>\n<meta property=\"og:type\" content=\"article\" \/>\n<meta property=\"og:title\" content=\"IBEX ALPINE SWISS GIN Red Chili Edition\" \/>\n<meta property=\"og:description\" content=\"Ibex Gin Red Chili Edition ist ein trockener Gin mit einer intensiven und ausdrucksstarken Nase, die zuerst Zitrusnoten offenbart, dann eine pflanzliche Seite mit Wacholder und einem subtilen Chili.\" \/>\n<meta property=\"og:url\" content=\"https:\/\/ibex-gin.ch\/de\/produit\/hoodie-mit-logo\/\" \/>\n<meta property=\"og:site_name\" content=\"Ibex Gin\" \/>\n<meta property=\"article:publisher\" content=\"https:\/\/www.facebook.com\/Ibex.gin\" \/>\n<meta property=\"article:modified_time\" content=\"2024-12-19T15:29:53+00:00\" \/>\n<meta property=\"og:image\" content=\"https:\/\/i0.wp.com\/ibex-gin.ch\/wp-content\/uploads\/2022\/01\/IMG_9706-FULL-scaled.jpg?fit=2048%2C2560&ssl=1\" \/>\n\t<meta property=\"og:image:width\" content=\"2048\" \/>\n\t<meta property=\"og:image:height\" content=\"2560\" \/>\n\t<meta property=\"og:image:type\" content=\"image\/jpeg\" \/>\n<meta name=\"twitter:card\" content=\"summary_large_image\" \/>\n<meta name=\"twitter:label1\" content=\"Preis\" \/>\n\t<meta name=\"twitter:data1\" content=\"&#067;&#072;&#070;&nbsp;42.00\" \/>\n\t<meta name=\"twitter:label2\" content=\"Verf\u00fcgbarkeit\" \/>\n\t<meta name=\"twitter:data2\" content=\"Auf Lager\" \/>\n<script type=\"application\/ld+json\" class=\"yoast-schema-graph\">{\"@context\":\"https:\\\/\\\/schema.org\",\"@graph\":[{\"@type\":\"WebPage\",\"@id\":\"https:\\\/\\\/ibex-gin.ch\\\/de\\\/produit\\\/hoodie-mit-logo\\\/\",\"url\":\"https:\\\/\\\/ibex-gin.ch\\\/de\\\/produit\\\/hoodie-mit-logo\\\/\",\"name\":\"IBEX ALPINE SWISS GIN Red Chili Edition - Ibex Gin\",\"isPartOf\":{\"@id\":\"https:\\\/\\\/ibex-gin.ch\\\/de\\\/#website\"},\"primaryImageOfPage\":{\"@id\":\"https:\\\/\\\/ibex-gin.ch\\\/de\\\/produit\\\/hoodie-mit-logo\\\/#primaryimage\"},\"image\":{\"@id\":\"https:\\\/\\\/ibex-gin.ch\\\/de\\\/produit\\\/hoodie-mit-logo\\\/#primaryimage\"},\"thumbnailUrl\":\"https:\\\/\\\/i0.wp.com\\\/ibex-gin.ch\\\/wp-content\\\/uploads\\\/2022\\\/01\\\/Ibex-gin-chili-new-design.png?fit=3894%2C3894&ssl=1\",\"datePublished\":\"2022-01-30T18:30:42+00:00\",\"dateModified\":\"2024-12-19T15:29:53+00:00\",\"description\":\"Ibex Gin Red Chili Edition ist ein trockener Gin mit einer intensiven und ausdrucksstarken Nase, die zuerst Zitrusnoten offenbart, dann eine pflanzliche Seite mit Wacholder und einem subtilen Chili.\",\"breadcrumb\":{\"@id\":\"https:\\\/\\\/ibex-gin.ch\\\/de\\\/produit\\\/hoodie-mit-logo\\\/#breadcrumb\"},\"inLanguage\":\"de\",\"potentialAction\":[{\"@type\":\"ReadAction\",\"target\":[\"https:\\\/\\\/ibex-gin.ch\\\/de\\\/produit\\\/hoodie-mit-logo\\\/\"]}]},{\"@type\":\"ImageObject\",\"inLanguage\":\"de\",\"@id\":\"https:\\\/\\\/ibex-gin.ch\\\/de\\\/produit\\\/hoodie-mit-logo\\\/#primaryimage\",\"url\":\"https:\\\/\\\/i0.wp.com\\\/ibex-gin.ch\\\/wp-content\\\/uploads\\\/2022\\\/01\\\/Ibex-gin-chili-new-design.png?fit=3894%2C3894&ssl=1\",\"contentUrl\":\"https:\\\/\\\/i0.wp.com\\\/ibex-gin.ch\\\/wp-content\\\/uploads\\\/2022\\\/01\\\/Ibex-gin-chili-new-design.png?fit=3894%2C3894&ssl=1\",\"width\":3894,\"height\":3894},{\"@type\":\"BreadcrumbList\",\"@id\":\"https:\\\/\\\/ibex-gin.ch\\\/de\\\/produit\\\/hoodie-mit-logo\\\/#breadcrumb\",\"itemListElement\":[{\"@type\":\"ListItem\",\"position\":1,\"name\":\"Accueil\",\"item\":\"https:\\\/\\\/ibex-gin.ch\\\/de\\\/\"},{\"@type\":\"ListItem\",\"position\":2,\"name\":\"Shop\",\"item\":\"https:\\\/\\\/ibex-gin.ch\\\/de\\\/shop\\\/\"},{\"@type\":\"ListItem\",\"position\":3,\"name\":\"IBEX ALPINE SWISS GIN Red Chili Edition\"}]},{\"@type\":\"WebSite\",\"@id\":\"https:\\\/\\\/ibex-gin.ch\\\/de\\\/#website\",\"url\":\"https:\\\/\\\/ibex-gin.ch\\\/de\\\/\",\"name\":\"Ibex Gin\",\"description\":\"\",\"publisher\":{\"@id\":\"https:\\\/\\\/ibex-gin.ch\\\/de\\\/#organization\"},\"potentialAction\":[{\"@type\":\"SearchAction\",\"target\":{\"@type\":\"EntryPoint\",\"urlTemplate\":\"https:\\\/\\\/ibex-gin.ch\\\/de\\\/?s={search_term_string}\"},\"query-input\":{\"@type\":\"PropertyValueSpecification\",\"valueRequired\":true,\"valueName\":\"search_term_string\"}}],\"inLanguage\":\"de\"},{\"@type\":\"Organization\",\"@id\":\"https:\\\/\\\/ibex-gin.ch\\\/de\\\/#organization\",\"name\":\"Ibex Gin\",\"url\":\"https:\\\/\\\/ibex-gin.ch\\\/de\\\/\",\"logo\":{\"@type\":\"ImageObject\",\"inLanguage\":\"de\",\"@id\":\"https:\\\/\\\/ibex-gin.ch\\\/de\\\/#\\\/schema\\\/logo\\\/image\\\/\",\"url\":\"https:\\\/\\\/ibex-gin.ch\\\/wp-content\\\/uploads\\\/2022\\\/01\\\/cropped-Ibex_Logo_2021-2.png\",\"contentUrl\":\"https:\\\/\\\/ibex-gin.ch\\\/wp-content\\\/uploads\\\/2022\\\/01\\\/cropped-Ibex_Logo_2021-2.png\",\"width\":1583,\"height\":1181,\"caption\":\"Ibex Gin\"},\"image\":{\"@id\":\"https:\\\/\\\/ibex-gin.ch\\\/de\\\/#\\\/schema\\\/logo\\\/image\\\/\"},\"sameAs\":[\"https:\\\/\\\/www.facebook.com\\\/Ibex.gin\",\"https:\\\/\\\/www.instagram.com\\\/ibex.gin\\\/\"]}]}<\/script>\n<meta property=\"product:price:amount\" content=\"42.00\" \/>\n<meta property=\"product:price:currency\" content=\"CHF\" \/>\n<meta property=\"og:availability\" content=\"instock\" \/>\n<meta property=\"product:availability\" content=\"instock\" \/>\n<meta property=\"product:retailer_item_id\" content=\"RED001\" \/>\n<meta property=\"product:condition\" content=\"new\" \/>\n<!-- \/ Yoast SEO Premium plugin. -->","yoast_head_json":{"title":"IBEX ALPINE SWISS GIN Red Chili Edition - Ibex Gin","description":"Ibex Gin Red Chili Edition ist ein trockener Gin mit einer intensiven und ausdrucksstarken Nase, die zuerst Zitrusnoten offenbart, dann eine pflanzliche Seite mit Wacholder und einem subtilen Chili.","robots":{"index":"index","follow":"follow","max-snippet":"max-snippet:-1","max-image-preview":"max-image-preview:large","max-video-preview":"max-video-preview:-1"},"canonical":"https:\/\/ibex-gin.ch\/de\/produit\/hoodie-mit-logo\/","og_locale":"de_DE","og_type":"article","og_title":"IBEX ALPINE SWISS GIN Red Chili Edition","og_description":"Ibex Gin Red Chili Edition ist ein trockener Gin mit einer intensiven und ausdrucksstarken Nase, die zuerst Zitrusnoten offenbart, dann eine pflanzliche Seite mit Wacholder und einem subtilen Chili.","og_url":"https:\/\/ibex-gin.ch\/de\/produit\/hoodie-mit-logo\/","og_site_name":"Ibex Gin","article_publisher":"https:\/\/www.facebook.com\/Ibex.gin","article_modified_time":"2024-12-19T15:29:53+00:00","og_image":[{"width":2048,"height":2560,"url":"https:\/\/i0.wp.com\/ibex-gin.ch\/wp-content\/uploads\/2022\/01\/IMG_9706-FULL-scaled.jpg?fit=2048%2C2560&ssl=1","type":"image\/jpeg"}],"twitter_card":"summary_large_image","twitter_misc":{"Preis":"&#67;&#72;&#70;&nbsp;42.00","Verf\u00fcgbarkeit":"Auf Lager"},"schema":{"@context":"https:\/\/schema.org","@graph":[{"@type":"WebPage","@id":"https:\/\/ibex-gin.ch\/de\/produit\/hoodie-mit-logo\/","url":"https:\/\/ibex-gin.ch\/de\/produit\/hoodie-mit-logo\/","name":"IBEX ALPINE SWISS GIN Red Chili Edition - Ibex Gin","isPartOf":{"@id":"https:\/\/ibex-gin.ch\/de\/#website"},"primaryImageOfPage":{"@id":"https:\/\/ibex-gin.ch\/de\/produit\/hoodie-mit-logo\/#primaryimage"},"image":{"@id":"https:\/\/ibex-gin.ch\/de\/produit\/hoodie-mit-logo\/#primaryimage"},"thumbnailUrl":"https:\/\/i0.wp.com\/ibex-gin.ch\/wp-content\/uploads\/2022\/01\/Ibex-gin-chili-new-design.png?fit=3894%2C3894&ssl=1","datePublished":"2022-01-30T18:30:42+00:00","dateModified":"2024-12-19T15:29:53+00:00","description":"Ibex Gin Red Chili Edition ist ein trockener Gin mit einer intensiven und ausdrucksstarken Nase, die zuerst Zitrusnoten offenbart, dann eine pflanzliche Seite mit Wacholder und einem subtilen Chili.","breadcrumb":{"@id":"https:\/\/ibex-gin.ch\/de\/produit\/hoodie-mit-logo\/#breadcrumb"},"inLanguage":"de","potentialAction":[{"@type":"ReadAction","target":["https:\/\/ibex-gin.ch\/de\/produit\/hoodie-mit-logo\/"]}]},{"@type":"ImageObject","inLanguage":"de","@id":"https:\/\/ibex-gin.ch\/de\/produit\/hoodie-mit-logo\/#primaryimage","url":"https:\/\/i0.wp.com\/ibex-gin.ch\/wp-content\/uploads\/2022\/01\/Ibex-gin-chili-new-design.png?fit=3894%2C3894&ssl=1","contentUrl":"https:\/\/i0.wp.com\/ibex-gin.ch\/wp-content\/uploads\/2022\/01\/Ibex-gin-chili-new-design.png?fit=3894%2C3894&ssl=1","width":3894,"height":3894},{"@type":"BreadcrumbList","@id":"https:\/\/ibex-gin.ch\/de\/produit\/hoodie-mit-logo\/#breadcrumb","itemListElement":[{"@type":"ListItem","position":1,"name":"Accueil","item":"https:\/\/ibex-gin.ch\/de\/"},{"@type":"ListItem","position":2,"name":"Shop","item":"https:\/\/ibex-gin.ch\/de\/shop\/"},{"@type":"ListItem","position":3,"name":"IBEX ALPINE SWISS GIN Red Chili Edition"}]},{"@type":"WebSite","@id":"https:\/\/ibex-gin.ch\/de\/#website","url":"https:\/\/ibex-gin.ch\/de\/","name":"Ibex Gin","description":"","publisher":{"@id":"https:\/\/ibex-gin.ch\/de\/#organization"},"potentialAction":[{"@type":"SearchAction","target":{"@type":"EntryPoint","urlTemplate":"https:\/\/ibex-gin.ch\/de\/?s={search_term_string}"},"query-input":{"@type":"PropertyValueSpecification","valueRequired":true,"valueName":"search_term_string"}}],"inLanguage":"de"},{"@type":"Organization","@id":"https:\/\/ibex-gin.ch\/de\/#organization","name":"Ibex Gin","url":"https:\/\/ibex-gin.ch\/de\/","logo":{"@type":"ImageObject","inLanguage":"de","@id":"https:\/\/ibex-gin.ch\/de\/#\/schema\/logo\/image\/","url":"https:\/\/ibex-gin.ch\/wp-content\/uploads\/2022\/01\/cropped-Ibex_Logo_2021-2.png","contentUrl":"https:\/\/ibex-gin.ch\/wp-content\/uploads\/2022\/01\/cropped-Ibex_Logo_2021-2.png","width":1583,"height":1181,"caption":"Ibex Gin"},"image":{"@id":"https:\/\/ibex-gin.ch\/de\/#\/schema\/logo\/image\/"},"sameAs":["https:\/\/www.facebook.com\/Ibex.gin","https:\/\/www.instagram.com\/ibex.gin\/"]}]},"product_price_amount":"42.00","product_price_currency":"CHF","og_availability":"instock","product_availability":"instock","product_retailer_item_id":"RED001","product_condition":"new"},"jetpack_publicize_connections":[],"jetpack-related-posts":[{"id":29529,"url":"https:\/\/ibex-gin.ch\/de\/produit\/ibex-alpine-swiss-gin-red-chili-edition-mignonnette\/","url_meta":{"origin":29340,"position":0},"title":"Mini IBEX ALPINE SWISS GIN Red Chili edition","author":"Dumont Oscar","date":"18. Mai 2024","format":false,"excerpt":"Ibex Gin Red Chili Edition ist ein Dry Gin mit einer intensiven und ausdrucksstarken Nase. Er enth\u00fcllt zun\u00e4chst Zitrusnoten, dann eine pflanzliche Seite mit Wacholder und subtilem Piment. Er hat eine sch\u00f6ne Textur am Gaumen, das Piment sorgt f\u00fcr einen w\u00fcrzigen Auftakt, der dann mit den Zitrusnoten harmoniert, wobei die\u2026","rel":"","context":"\u00c4hnlicher Beitrag","block_context":{"text":"\u00c4hnlicher Beitrag","link":""},"img":{"alt_text":"","src":"https:\/\/i0.wp.com\/ibex-gin.ch\/wp-content\/uploads\/2024\/05\/Red-chilli-mini_.png?fit=1200%2C1200&ssl=1&resize=350%2C200","width":350,"height":200,"srcset":"https:\/\/i0.wp.com\/ibex-gin.ch\/wp-content\/uploads\/2024\/05\/Red-chilli-mini_.png?fit=1200%2C1200&ssl=1&resize=350%2C200 1x, https:\/\/i0.wp.com\/ibex-gin.ch\/wp-content\/uploads\/2024\/05\/Red-chilli-mini_.png?fit=1200%2C1200&ssl=1&resize=525%2C300 1.5x, https:\/\/i0.wp.com\/ibex-gin.ch\/wp-content\/uploads\/2024\/05\/Red-chilli-mini_.png?fit=1200%2C1200&ssl=1&resize=700%2C400 2x, https:\/\/i0.wp.com\/ibex-gin.ch\/wp-content\/uploads\/2024\/05\/Red-chilli-mini_.png?fit=1200%2C1200&ssl=1&resize=1050%2C600 3x"},"classes":[]},{"id":29323,"url":"https:\/\/ibex-gin.ch\/produit\/ibex-alpine-swiss-gin-red-chili-edition\/","url_meta":{"origin":29340,"position":1},"title":"IBEX ALPINE SWISS GIN Red Chili Edition","author":"Dumont Oscar","date":"30. Januar 2022","format":false,"excerpt":"Ibex Gin Red Chili Edition ist ein trockener Gin mit einer intensiven und ausdrucksstarken Nase, die zuerst Zitrusnoten offenbart, dann eine pflanzliche Seite mit Wacholder und einem subtilen Chili. Es hat eine sch\u00f6ne Textur am Gaumen, der Pfeffer gibt einen w\u00fcrzigen Start, der dann mit den Zitrusnoten harmoniert, wo die\u2026","rel":"","context":"\u00c4hnlicher Beitrag","block_context":{"text":"\u00c4hnlicher Beitrag","link":""},"img":{"alt_text":"","src":"","width":0,"height":0},"classes":[]},{"id":29703,"url":"https:\/\/ibex-gin.ch\/de\/produit\/daemonenlikoer\/","url_meta":{"origin":29340,"position":2},"title":"D\u00e4monenlik\u00f6r","author":"Dumont Oscar","date":"28. November 2024","format":false,"excerpt":"Lik\u00f6r des D\u00e4mons Zutaten: Dieses Produkt basiert auf dem Red Chili Edition Gin. Eine zweite Mazeration mit Ibiskusbl\u00fcten geht einer zweiten Destillation voraus, bevor ein Chili-Zuckersirup hinzugef\u00fcgt wird. Farbe: Farblos und klar Nase: Zitronig und blumig, der Sirup verleiht eine gewisse S\u00fc\u00dfe. Gaumen: Der Auftakt ist w\u00fcrzig und man erkennt\u2026","rel":"","context":"\u00c4hnlicher Beitrag","block_context":{"text":"\u00c4hnlicher Beitrag","link":""},"img":{"alt_text":"","src":"https:\/\/i0.wp.com\/ibex-gin.ch\/wp-content\/uploads\/2024\/11\/liqeur-du-demon-ibex.png?fit=1200%2C1200&ssl=1&resize=350%2C200","width":350,"height":200,"srcset":"https:\/\/i0.wp.com\/ibex-gin.ch\/wp-content\/uploads\/2024\/11\/liqeur-du-demon-ibex.png?fit=1200%2C1200&ssl=1&resize=350%2C200 1x, https:\/\/i0.wp.com\/ibex-gin.ch\/wp-content\/uploads\/2024\/11\/liqeur-du-demon-ibex.png?fit=1200%2C1200&ssl=1&resize=525%2C300 1.5x, https:\/\/i0.wp.com\/ibex-gin.ch\/wp-content\/uploads\/2024\/11\/liqeur-du-demon-ibex.png?fit=1200%2C1200&ssl=1&resize=700%2C400 2x, https:\/\/i0.wp.com\/ibex-gin.ch\/wp-content\/uploads\/2024\/11\/liqeur-du-demon-ibex.png?fit=1200%2C1200&ssl=1&resize=1050%2C600 3x"},"classes":[]},{"id":29527,"url":"https:\/\/ibex-gin.ch\/de\/produit\/minionette-ibex-gin-classic-edition\/","url_meta":{"origin":29340,"position":3},"title":"Mini Ibex Gin Classic Edition","author":"Dumont Oscar","date":"18. Mai 2024","format":false,"excerpt":"Gin Classic Edition a Seidige Textur am Gaumen, gro\u00dfz\u00fcgiger Auftakt mit Wacholder, sch\u00f6ne Pr\u00e4senz von Orangen und ein Abgang mit Gew\u00fcrzen und besonders Pfeffer. Sch\u00f6n ausgewogen, angenehm rund mit einer sch\u00f6nen L\u00e4nge. \u00a0","rel":"","context":"\u00c4hnlicher Beitrag","block_context":{"text":"\u00c4hnlicher Beitrag","link":""},"img":{"alt_text":"","src":"https:\/\/i0.wp.com\/ibex-gin.ch\/wp-content\/uploads\/2024\/05\/Classic-Mini-2.png?fit=1200%2C1200&ssl=1&resize=350%2C200","width":350,"height":200,"srcset":"https:\/\/i0.wp.com\/ibex-gin.ch\/wp-content\/uploads\/2024\/05\/Classic-Mini-2.png?fit=1200%2C1200&ssl=1&resize=350%2C200 1x, https:\/\/i0.wp.com\/ibex-gin.ch\/wp-content\/uploads\/2024\/05\/Classic-Mini-2.png?fit=1200%2C1200&ssl=1&resize=525%2C300 1.5x, https:\/\/i0.wp.com\/ibex-gin.ch\/wp-content\/uploads\/2024\/05\/Classic-Mini-2.png?fit=1200%2C1200&ssl=1&resize=700%2C400 2x, https:\/\/i0.wp.com\/ibex-gin.ch\/wp-content\/uploads\/2024\/05\/Classic-Mini-2.png?fit=1200%2C1200&ssl=1&resize=1050%2C600 3x"},"classes":[]},{"id":29418,"url":"https:\/\/ibex-gin.ch\/de\/produit\/ibex-gin-classic-edition\/","url_meta":{"origin":29340,"position":4},"title":"Ibex Gin Classic Edition","author":"Dumont Oscar","date":"11. Dezember 2022","format":false,"excerpt":"Gin Classic Edition a Seidige Textur am Gaumen, gro\u00dfz\u00fcgiger Auftakt mit Wacholder, sch\u00f6ne Pr\u00e4senz von Orangen und ein Abgang mit Gew\u00fcrzen und besonders Pfeffer. Sch\u00f6n ausgewogen, angenehm rund mit einer sch\u00f6nen L\u00e4nge. \u00a0","rel":"","context":"\u00c4hnlicher Beitrag","block_context":{"text":"\u00c4hnlicher Beitrag","link":""},"img":{"alt_text":"","src":"https:\/\/i0.wp.com\/ibex-gin.ch\/wp-content\/uploads\/2022\/12\/IBEX-gin-classic.png?fit=1200%2C1200&ssl=1&resize=350%2C200","width":350,"height":200,"srcset":"https:\/\/i0.wp.com\/ibex-gin.ch\/wp-content\/uploads\/2022\/12\/IBEX-gin-classic.png?fit=1200%2C1200&ssl=1&resize=350%2C200 1x, https:\/\/i0.wp.com\/ibex-gin.ch\/wp-content\/uploads\/2022\/12\/IBEX-gin-classic.png?fit=1200%2C1200&ssl=1&resize=525%2C300 1.5x, https:\/\/i0.wp.com\/ibex-gin.ch\/wp-content\/uploads\/2022\/12\/IBEX-gin-classic.png?fit=1200%2C1200&ssl=1&resize=700%2C400 2x, https:\/\/i0.wp.com\/ibex-gin.ch\/wp-content\/uploads\/2022\/12\/IBEX-gin-classic.png?fit=1200%2C1200&ssl=1&resize=1050%2C600 3x"},"classes":[]},{"id":29536,"url":"https:\/\/ibex-gin.ch\/de\/produit\/mandarinello\/","url_meta":{"origin":29340,"position":5},"title":"Mandarinello","author":"Dumont Oscar","date":"21. Juni 2024","format":false,"excerpt":"Der Mandarinello von Ibex mit BIO-Mandarinenschalen aus Sizilien bietet eine Explosion von Aromen von frischen Mandarinen und kandierten Schalen. Seine glatte Textur und die tief orange Farbe verbinden sich mit einem langen und erfrischenden Abgang. Ein handgemachter Lik\u00f6r mit intensiven und nat\u00fcrlichen Aromen.","rel":"","context":"\u00c4hnlicher Beitrag","block_context":{"text":"\u00c4hnlicher Beitrag","link":""},"img":{"alt_text":"","src":"https:\/\/i0.wp.com\/ibex-gin.ch\/wp-content\/uploads\/2024\/06\/mandarinello-1x1-1.png?fit=683%2C683&ssl=1&resize=350%2C200","width":350,"height":200,"srcset":"https:\/\/i0.wp.com\/ibex-gin.ch\/wp-content\/uploads\/2024\/06\/mandarinello-1x1-1.png?fit=683%2C683&ssl=1&resize=350%2C200 1x, https:\/\/i0.wp.com\/ibex-gin.ch\/wp-content\/uploads\/2024\/06\/mandarinello-1x1-1.png?fit=683%2C683&ssl=1&resize=525%2C300 1.5x"},"classes":[]}],"jetpack_likes_enabled":true,"jetpack_sharing_enabled":true,"_links":{"self":[{"href":"https:\/\/ibex-gin.ch\/de\/wp-json\/wp\/v2\/product\/29340","targetHints":{"allow":["GET"]}}],"collection":[{"href":"https:\/\/ibex-gin.ch\/de\/wp-json\/wp\/v2\/product"}],"about":[{"href":"https:\/\/ibex-gin.ch\/de\/wp-json\/wp\/v2\/types\/product"}],"replies":[{"embeddable":true,"href":"https:\/\/ibex-gin.ch\/de\/wp-json\/wp\/v2\/comments?post=29340"}],"wp:featuredmedia":[{"embeddable":true,"href":"https:\/\/ibex-gin.ch\/de\/wp-json\/wp\/v2\/media\/29598"}],"wp:attachment":[{"href":"https:\/\/ibex-gin.ch\/de\/wp-json\/wp\/v2\/media?parent=29340"}],"wp:term":[{"taxonomy":"product_brand","embeddable":true,"href":"https:\/\/ibex-gin.ch\/de\/wp-json\/wp\/v2\/product_brand?post=29340"},{"taxonomy":"product_cat","embeddable":true,"href":"https:\/\/ibex-gin.ch\/de\/wp-json\/wp\/v2\/product_cat?post=29340"},{"taxonomy":"product_tag","embeddable":true,"href":"https:\/\/ibex-gin.ch\/de\/wp-json\/wp\/v2\/product_tag?post=29340"}],"curies":[{"name":"wp","href":"https:\/\/api.w.org\/{rel}","templated":true}]}}