{"id":29311,"date":"2022-02-05T16:12:54","date_gmt":"2022-02-05T15:12:54","guid":{"rendered":"https:\/\/ibex-gin.ch\/datenschutz-bestimmungen\/"},"modified":"2022-03-15T13:57:29","modified_gmt":"2022-03-15T12:57:29","slug":"datenschutz-bestimmungen","status":"publish","type":"page","link":"https:\/\/ibex-gin.ch\/de\/datenschutz-bestimmungen\/","title":{"rendered":"Datenschutz-Bestimmungen"},"content":{"rendered":"\n<h2 class=\"wp-block-heading\" id=\"qui-sommes-nous\">Wer sind wir ?<\/h2>\n\n<p>Die Adresse unserer Seite lautet: https:\/\/ibex-gin.ch.<\/p>\n\n<h2 class=\"wp-block-heading\" id=\"commentaires\">Bemerkungen<\/h2>\n\n<p>Wenn Sie einen Kommentar auf unserer Seite hinterlassen, werden die in das Kommentarformular eingegebenen Daten, Ihre IP-Adresse und der User-Agent Ihres Browsers gesammelt, um uns zu helfen, unerw\u00fcnschte Kommentare zu erkennen.<\/p>\n\n<p>Eine anonymisierte Zeichenfolge, die aus Ihrer E-Mail-Adresse erstellt wird (auch als Hash bezeichnet), kann an den Gravatar-Dienst gesendet werden, um zu \u00fcberpr\u00fcfen, ob Sie ihn verwenden. Die Vertraulichkeitsbestimmungen des Gravatar-Dienstes finden Sie hier: https:\/\/automattic.com\/privacy\/. Nach der Validierung Ihres Kommentars wird Ihr Profilfoto neben Ihrem Kommentar \u00f6ffentlich sichtbar sein.<\/p>\n\n<h2 class=\"wp-block-heading\" id=\"medias\">Medien<\/h2>\n\n<p>Wenn Sie Bilder auf die Website hochladen, raten wir Ihnen, das Hochladen von Bildern mit EXIF-Daten von GPS-Koordinaten zu vermeiden. Personen, die Ihre Website besuchen, k\u00f6nnen Standortdaten aus diesen Bildern herunterladen und extrahieren.<\/p>\n\n<h2 class=\"wp-block-heading\" id=\"cookies\">Kekse<\/h2>\n\n<p>Wenn Sie einen Kommentar auf unserer Website hinterlassen, wird Ihnen angeboten, Ihren Namen, Ihre E-Mail-Adresse und Ihre Website in Cookies zu speichern. Dies dient nur zu Ihrem Komfort, damit Sie diese Informationen nicht eingeben m\u00fcssen, wenn Sie sp\u00e4ter einen weiteren Kommentar hinterlassen. Diese Cookies verfallen nach einem Jahr.<\/p>\n\n<p>Wenn Sie auf die Anmeldeseite gehen, wird ein tempor\u00e4res Cookie erstellt, um festzustellen, ob Ihr Browser Cookies akzeptiert. Sie enth\u00e4lt keine personenbezogenen Daten und wird automatisch gel\u00f6scht, wenn Sie Ihren Browser schlie\u00dfen.<\/p>\n\n<p>Wenn Sie sich anmelden, setzen wir eine Reihe von Cookies, um Ihre Anmeldedaten und Bildschirmeinstellungen zu speichern. Die Lebensdauer eines Verbindungscookies betr\u00e4gt zwei Tage, die eines Bildschirmoptionscookies ein Jahr. Wenn Sie \u201eRemember me\u201c aktivieren, wird Ihr Login-Cookie zwei Wochen lang aufbewahrt. Wenn Sie sich von Ihrem Konto abmelden, wird das Login-Cookie gel\u00f6scht.<\/p>\n\n<p>Durch Bearbeiten oder Ver\u00f6ffentlichen eines Beitrags wird ein zus\u00e4tzliches Cookie in Ihrem Browser gespeichert. Dieses Cookie enth\u00e4lt keine personenbezogenen Daten. Es zeigt nur die ID des Beitrags, den Sie gerade bearbeitet haben. Sie verf\u00e4llt nach einem Tag.<\/p>\n\n<h2 class=\"wp-block-heading\" id=\"contenu-embarque-depuis-d-autres-sites\">Eingebettete Inhalte von anderen Websites<\/h2>\n\n<p><strong class=\"privacy-policy-tutorial\"> <\/strong>Artikel auf dieser Website k\u00f6nnen eingebettete Inhalte enthalten (z. B. Videos, Bilder, Artikel usw.). Von anderen Sites eingebettete Inhalte verhalten sich so, als ob der Besucher zu dieser anderen Site kommen w\u00fcrde.<\/p>\n\n<p>Diese Websites k\u00f6nnen Daten \u00fcber Sie sammeln, Cookies verwenden, Tracking-Tools von Drittanbietern einbetten und Ihre Interaktionen mit diesen eingebetteten Inhalten verfolgen, wenn Sie ein Konto haben, das mit ihrer Website verbunden ist.<\/p>\n\n<h2 class=\"wp-block-heading\" id=\"utilisation-et-transmission-de-vos-donnees-personnelles\">Nutzung und Weitergabe Ihrer personenbezogenen Daten<\/h2>\n\n<p>Wenn Sie ein Zur\u00fccksetzen des Passworts anfordern, wird Ihre IP-Adresse in der E-Mail zum Zur\u00fccksetzen enthalten sein.<\/p>\n\n<h2 class=\"wp-block-heading\" id=\"durees-de-stockage-de-vos-donnees\">Speicherzeiten f\u00fcr Ihre Daten<\/h2>\n\n<p><strong class=\"privacy-policy-tutorial\"> <\/strong>Wenn Sie einen Kommentar hinterlassen, werden der Kommentar und seine Metadaten auf unbestimmte Zeit gespeichert. Dadurch werden nachfolgende Kommentare automatisch erkannt und genehmigt, anstatt sie in der Moderationswarteschlange zu belassen.<\/p>\n\n<p>F\u00fcr Konten, die sich auf unserer Seite registrieren (falls zutreffend), speichern wir auch die in ihrem Profil aufgef\u00fchrten personenbezogenen Daten. Alle Konten k\u00f6nnen ihre pers\u00f6nlichen Daten jederzeit einsehen, \u00e4ndern oder l\u00f6schen (mit Ausnahme ihrer Kennung). Site-Manager k\u00f6nnen diese Informationen auch anzeigen und bearbeiten.<\/p>\n\n<h2 class=\"wp-block-heading\" id=\"les-droits-que-vous-avez-sur-vos-donnees\">Die Rechte, die Sie an Ihren Daten haben<\/h2>\n\n<p>Wenn Sie ein Konto haben oder Kommentare auf der Website hinterlassen haben, k\u00f6nnen Sie anfordern, eine Datei mit allen personenbezogenen Daten zu erhalten, die wir \u00fcber Sie haben, einschlie\u00dflich derer, die Sie uns zur Verf\u00fcgung gestellt haben. Sie k\u00f6nnen auch die L\u00f6schung der Sie betreffenden personenbezogenen Daten verlangen. Daten, die aus administrativen, rechtlichen oder Sicherheitsgr\u00fcnden gespeichert werden, werden hiervon nicht ber\u00fccksichtigt.<\/p>\n\n<h2 class=\"wp-block-heading\" id=\"transmission-de-vos-donnees-personnelles\">\u00dcbermittlung Ihrer personenbezogenen Daten<\/h2>\n\n<p>Besucher-Kommentare k\u00f6nnten von einem automatisierten Dienst zur Spam-Erkennung untersucht werden.<\/p>\n","protected":false},"excerpt":{"rendered":"<p>Wer sind wir ? Die Adresse unserer Seite lautet: https:\/\/ibex-gin.ch. Bemerkungen Wenn Sie einen Kommentar auf unserer Seite hinterlassen, werden die in das Kommentarformular eingegebenen Daten, Ihre IP-Adresse und der User-Agent Ihres Browsers gesammelt, um uns zu helfen, unerw\u00fcnschte Kommentare zu erkennen. Eine anonymisierte Zeichenfolge, die aus Ihrer E-Mail-Adresse erstellt wird (auch als Hash bezeichnet), [&hellip;]<\/p>\n","protected":false},"author":1,"featured_media":0,"parent":0,"menu_order":0,"comment_status":"closed","ping_status":"closed","template":"","meta":{"jetpack_post_was_ever_published":false,"footnotes":""},"class_list":["post-29311","page","type-page","status-publish","hentry"],"yoast_head":"<!-- This site is optimized with the Yoast SEO Premium plugin v27.2 (Yoast SEO v27.4) - https:\/\/yoast.com\/product\/yoast-seo-premium-wordpress\/ -->\n<title>Datenschutz-Bestimmungen - Ibex Gin<\/title>\n<meta name=\"robots\" content=\"index, follow, max-snippet:-1, max-image-preview:large, max-video-preview:-1\" \/>\n<link rel=\"canonical\" href=\"https:\/\/ibex-gin.ch\/de\/datenschutz-bestimmungen\/\" \/>\n<meta property=\"og:locale\" content=\"de_DE\" \/>\n<meta property=\"og:type\" content=\"article\" \/>\n<meta property=\"og:title\" content=\"Datenschutz-Bestimmungen\" \/>\n<meta property=\"og:description\" content=\"Wer sind wir ? Die Adresse unserer Seite lautet: https:\/\/ibex-gin.ch. Bemerkungen Wenn Sie einen Kommentar auf unserer Seite hinterlassen, werden die in das Kommentarformular eingegebenen Daten, Ihre IP-Adresse und der User-Agent Ihres Browsers gesammelt, um uns zu helfen, unerw\u00fcnschte Kommentare zu erkennen. Eine anonymisierte Zeichenfolge, die aus Ihrer E-Mail-Adresse erstellt wird (auch als Hash bezeichnet), [&hellip;]\" \/>\n<meta property=\"og:url\" content=\"https:\/\/ibex-gin.ch\/de\/datenschutz-bestimmungen\/\" \/>\n<meta property=\"og:site_name\" content=\"Ibex Gin\" \/>\n<meta property=\"article:publisher\" content=\"https:\/\/www.facebook.com\/Ibex.gin\" \/>\n<meta property=\"article:modified_time\" content=\"2022-03-15T12:57:29+00:00\" \/>\n<meta name=\"twitter:card\" content=\"summary_large_image\" \/>\n<meta name=\"twitter:label1\" content=\"Gesch\u00e4tzte Lesezeit\" \/>\n\t<meta name=\"twitter:data1\" content=\"3\u00a0Minuten\" \/>\n<script type=\"application\/ld+json\" class=\"yoast-schema-graph\">{\"@context\":\"https:\\\/\\\/schema.org\",\"@graph\":[{\"@type\":\"WebPage\",\"@id\":\"https:\\\/\\\/ibex-gin.ch\\\/de\\\/datenschutz-bestimmungen\\\/\",\"url\":\"https:\\\/\\\/ibex-gin.ch\\\/de\\\/datenschutz-bestimmungen\\\/\",\"name\":\"Datenschutz-Bestimmungen - Ibex Gin\",\"isPartOf\":{\"@id\":\"https:\\\/\\\/ibex-gin.ch\\\/de\\\/#website\"},\"datePublished\":\"2022-02-05T15:12:54+00:00\",\"dateModified\":\"2022-03-15T12:57:29+00:00\",\"breadcrumb\":{\"@id\":\"https:\\\/\\\/ibex-gin.ch\\\/de\\\/datenschutz-bestimmungen\\\/#breadcrumb\"},\"inLanguage\":\"de\",\"potentialAction\":[{\"@type\":\"ReadAction\",\"target\":[\"https:\\\/\\\/ibex-gin.ch\\\/de\\\/datenschutz-bestimmungen\\\/\"]}]},{\"@type\":\"BreadcrumbList\",\"@id\":\"https:\\\/\\\/ibex-gin.ch\\\/de\\\/datenschutz-bestimmungen\\\/#breadcrumb\",\"itemListElement\":[{\"@type\":\"ListItem\",\"position\":1,\"name\":\"Accueil\",\"item\":\"https:\\\/\\\/ibex-gin.ch\\\/de\\\/\"},{\"@type\":\"ListItem\",\"position\":2,\"name\":\"Datenschutz-Bestimmungen\"}]},{\"@type\":\"WebSite\",\"@id\":\"https:\\\/\\\/ibex-gin.ch\\\/de\\\/#website\",\"url\":\"https:\\\/\\\/ibex-gin.ch\\\/de\\\/\",\"name\":\"Ibex Gin\",\"description\":\"\",\"publisher\":{\"@id\":\"https:\\\/\\\/ibex-gin.ch\\\/de\\\/#organization\"},\"potentialAction\":[{\"@type\":\"SearchAction\",\"target\":{\"@type\":\"EntryPoint\",\"urlTemplate\":\"https:\\\/\\\/ibex-gin.ch\\\/de\\\/?s={search_term_string}\"},\"query-input\":{\"@type\":\"PropertyValueSpecification\",\"valueRequired\":true,\"valueName\":\"search_term_string\"}}],\"inLanguage\":\"de\"},{\"@type\":\"Organization\",\"@id\":\"https:\\\/\\\/ibex-gin.ch\\\/de\\\/#organization\",\"name\":\"Ibex Gin\",\"url\":\"https:\\\/\\\/ibex-gin.ch\\\/de\\\/\",\"logo\":{\"@type\":\"ImageObject\",\"inLanguage\":\"de\",\"@id\":\"https:\\\/\\\/ibex-gin.ch\\\/de\\\/#\\\/schema\\\/logo\\\/image\\\/\",\"url\":\"https:\\\/\\\/ibex-gin.ch\\\/wp-content\\\/uploads\\\/2022\\\/01\\\/cropped-Ibex_Logo_2021-2.png\",\"contentUrl\":\"https:\\\/\\\/ibex-gin.ch\\\/wp-content\\\/uploads\\\/2022\\\/01\\\/cropped-Ibex_Logo_2021-2.png\",\"width\":1583,\"height\":1181,\"caption\":\"Ibex Gin\"},\"image\":{\"@id\":\"https:\\\/\\\/ibex-gin.ch\\\/de\\\/#\\\/schema\\\/logo\\\/image\\\/\"},\"sameAs\":[\"https:\\\/\\\/www.facebook.com\\\/Ibex.gin\",\"https:\\\/\\\/www.instagram.com\\\/ibex.gin\\\/\"]}]}<\/script>\n<!-- \/ Yoast SEO Premium plugin. -->","yoast_head_json":{"title":"Datenschutz-Bestimmungen - Ibex Gin","robots":{"index":"index","follow":"follow","max-snippet":"max-snippet:-1","max-image-preview":"max-image-preview:large","max-video-preview":"max-video-preview:-1"},"canonical":"https:\/\/ibex-gin.ch\/de\/datenschutz-bestimmungen\/","og_locale":"de_DE","og_type":"article","og_title":"Datenschutz-Bestimmungen","og_description":"Wer sind wir ? Die Adresse unserer Seite lautet: https:\/\/ibex-gin.ch. Bemerkungen Wenn Sie einen Kommentar auf unserer Seite hinterlassen, werden die in das Kommentarformular eingegebenen Daten, Ihre IP-Adresse und der User-Agent Ihres Browsers gesammelt, um uns zu helfen, unerw\u00fcnschte Kommentare zu erkennen. Eine anonymisierte Zeichenfolge, die aus Ihrer E-Mail-Adresse erstellt wird (auch als Hash bezeichnet), [&hellip;]","og_url":"https:\/\/ibex-gin.ch\/de\/datenschutz-bestimmungen\/","og_site_name":"Ibex Gin","article_publisher":"https:\/\/www.facebook.com\/Ibex.gin","article_modified_time":"2022-03-15T12:57:29+00:00","twitter_card":"summary_large_image","twitter_misc":{"Gesch\u00e4tzte Lesezeit":"3\u00a0Minuten"},"schema":{"@context":"https:\/\/schema.org","@graph":[{"@type":"WebPage","@id":"https:\/\/ibex-gin.ch\/de\/datenschutz-bestimmungen\/","url":"https:\/\/ibex-gin.ch\/de\/datenschutz-bestimmungen\/","name":"Datenschutz-Bestimmungen - Ibex Gin","isPartOf":{"@id":"https:\/\/ibex-gin.ch\/de\/#website"},"datePublished":"2022-02-05T15:12:54+00:00","dateModified":"2022-03-15T12:57:29+00:00","breadcrumb":{"@id":"https:\/\/ibex-gin.ch\/de\/datenschutz-bestimmungen\/#breadcrumb"},"inLanguage":"de","potentialAction":[{"@type":"ReadAction","target":["https:\/\/ibex-gin.ch\/de\/datenschutz-bestimmungen\/"]}]},{"@type":"BreadcrumbList","@id":"https:\/\/ibex-gin.ch\/de\/datenschutz-bestimmungen\/#breadcrumb","itemListElement":[{"@type":"ListItem","position":1,"name":"Accueil","item":"https:\/\/ibex-gin.ch\/de\/"},{"@type":"ListItem","position":2,"name":"Datenschutz-Bestimmungen"}]},{"@type":"WebSite","@id":"https:\/\/ibex-gin.ch\/de\/#website","url":"https:\/\/ibex-gin.ch\/de\/","name":"Ibex Gin","description":"","publisher":{"@id":"https:\/\/ibex-gin.ch\/de\/#organization"},"potentialAction":[{"@type":"SearchAction","target":{"@type":"EntryPoint","urlTemplate":"https:\/\/ibex-gin.ch\/de\/?s={search_term_string}"},"query-input":{"@type":"PropertyValueSpecification","valueRequired":true,"valueName":"search_term_string"}}],"inLanguage":"de"},{"@type":"Organization","@id":"https:\/\/ibex-gin.ch\/de\/#organization","name":"Ibex Gin","url":"https:\/\/ibex-gin.ch\/de\/","logo":{"@type":"ImageObject","inLanguage":"de","@id":"https:\/\/ibex-gin.ch\/de\/#\/schema\/logo\/image\/","url":"https:\/\/ibex-gin.ch\/wp-content\/uploads\/2022\/01\/cropped-Ibex_Logo_2021-2.png","contentUrl":"https:\/\/ibex-gin.ch\/wp-content\/uploads\/2022\/01\/cropped-Ibex_Logo_2021-2.png","width":1583,"height":1181,"caption":"Ibex Gin"},"image":{"@id":"https:\/\/ibex-gin.ch\/de\/#\/schema\/logo\/image\/"},"sameAs":["https:\/\/www.facebook.com\/Ibex.gin","https:\/\/www.instagram.com\/ibex.gin\/"]}]}},"jetpack-related-posts":[{"id":29338,"url":"https:\/\/ibex-gin.ch\/de\/shop\/rueckerstattungs-und-rueckgaberecht\/","url_meta":{"origin":29311,"position":0},"title":"R\u00fcckerstattungs- und R\u00fcckgaberecht","author":"Dumont Oscar","date":"5. Februar 2022","format":false,"excerpt":"1. Geltungsbereich Die allgemeinen Verkaufsbedingungen sollen die Beziehung zwischen Ibex Gin SNC und dem Internetnutzer regeln, der im Folgenden vom Kunden bezeichnet wird. Die im Folgenden verwendete m\u00e4nnliche Form \u201eKunde\u201c bezeichnet naturgem\u00e4\u00df sowohl Auftraggeber als auch Auftraggeber. Das Absenden der Bestellung des Kunden impliziert die Annahme dieser Allgemeinen Verkaufsbedingungen in\u2026","rel":"","context":"\u00c4hnlicher Beitrag","block_context":{"text":"\u00c4hnlicher Beitrag","link":""},"img":{"alt_text":"","src":"","width":0,"height":0},"classes":[]},{"id":29723,"url":"https:\/\/ibex-gin.ch\/de\/ibex-theke\/","url_meta":{"origin":29311,"position":1},"title":"Ibex Theke","author":"Dumont Oscar","date":"29. Januar 2025","format":false,"excerpt":"Das Ibex-Erlebnis im Herzen des Val de Bagnes \ud83d\ude80 Demn\u00e4chst ge\u00f6ffnet \ud83d\ude80 Willkommen im Comptoir Ibex, einem Ort, an dem die Leidenschaft f\u00fcr Gin, Handwerkskunst und die Freude an der Verkostung zusammentreffen. Im Herzen des Val de Bagnes gelegen, umfasst unser einzigartiger Raum unsere Brennerei, Bar und Boutique, wodurch Sie\u2026","rel":"","context":"\u00c4hnlicher Beitrag","block_context":{"text":"\u00c4hnlicher Beitrag","link":""},"img":{"alt_text":"","src":"","width":0,"height":0},"classes":[]},{"id":29335,"url":"https:\/\/ibex-gin.ch\/de\/unsere-rezepte\/","url_meta":{"origin":29311,"position":2},"title":"Unsere Rezepte","author":"Dumont Oscar","date":"1. Februar 2022","format":false,"excerpt":"Entdecken Sie unsere exklusiven Rezepte, die mit den Produkten von Ibex kreiert wurden und in denen jeder Lik\u00f6r und Gin seinen einzigartigen Geschmack entfaltet. Ob Sie sich f\u00fcr einen s\u00e4uerlichen Cocktail mit Limoncello oder ein fruchtiges Dessert mit Mandarinello entscheiden, unsere Rezepte versprechen Ihnen authentische Geschmackserlebnisse. F\u00fcr Gin-Liebhaber: Lassen Sie\u2026","rel":"","context":"\u00c4hnlicher Beitrag","block_context":{"text":"\u00c4hnlicher Beitrag","link":""},"img":{"alt_text":"","src":"https:\/\/i0.wp.com\/ibex-gin.ch\/wp-content\/uploads\/2021\/12\/Gin-Tonic-with-mandarine-scaled-e1643229196907.jpg?resize=350%2C200&ssl=1","width":350,"height":200,"srcset":"https:\/\/i0.wp.com\/ibex-gin.ch\/wp-content\/uploads\/2021\/12\/Gin-Tonic-with-mandarine-scaled-e1643229196907.jpg?resize=350%2C200&ssl=1 1x, https:\/\/i0.wp.com\/ibex-gin.ch\/wp-content\/uploads\/2021\/12\/Gin-Tonic-with-mandarine-scaled-e1643229196907.jpg?resize=525%2C300&ssl=1 1.5x, https:\/\/i0.wp.com\/ibex-gin.ch\/wp-content\/uploads\/2021\/12\/Gin-Tonic-with-mandarine-scaled-e1643229196907.jpg?resize=700%2C400&ssl=1 2x, https:\/\/i0.wp.com\/ibex-gin.ch\/wp-content\/uploads\/2021\/12\/Gin-Tonic-with-mandarine-scaled-e1643229196907.jpg?resize=1050%2C600&ssl=1 3x, https:\/\/i0.wp.com\/ibex-gin.ch\/wp-content\/uploads\/2021\/12\/Gin-Tonic-with-mandarine-scaled-e1643229196907.jpg?resize=1400%2C800&ssl=1 4x"},"classes":[]},{"id":29328,"url":"https:\/\/ibex-gin.ch\/de\/","url_meta":{"origin":29311,"position":3},"title":"Startseite","author":"Dumont Oscar","date":"1. Februar 2022","format":false,"excerpt":"Wer sind wir ? IBEX bedeutet Steinbock und verk\u00f6rpert die Kraft dieses Alpentieres, dem wahren K\u00f6nig der Schweizer Berggipfel. Inspiriert durch das Massiv des Grand Combin, einem der h\u00f6chsten Gipfel der franz\u00f6sischen Schweiz, ist der Ibex der H\u00fcter einer gesch\u00fctzten Natur. Dieses Symbol steht im Mittelpunkt unserer Bem\u00fchungen, lokale Produkte\u2026","rel":"","context":"\u00c4hnlicher Beitrag","block_context":{"text":"\u00c4hnlicher Beitrag","link":""},"img":{"alt_text":"","src":"https:\/\/i0.wp.com\/ibex-gin.ch\/wp-content\/uploads\/2021\/12\/Gin-Tonic-with-mandarine-scaled-e1643229196907.jpg?resize=350%2C200&ssl=1","width":350,"height":200,"srcset":"https:\/\/i0.wp.com\/ibex-gin.ch\/wp-content\/uploads\/2021\/12\/Gin-Tonic-with-mandarine-scaled-e1643229196907.jpg?resize=350%2C200&ssl=1 1x, https:\/\/i0.wp.com\/ibex-gin.ch\/wp-content\/uploads\/2021\/12\/Gin-Tonic-with-mandarine-scaled-e1643229196907.jpg?resize=525%2C300&ssl=1 1.5x, https:\/\/i0.wp.com\/ibex-gin.ch\/wp-content\/uploads\/2021\/12\/Gin-Tonic-with-mandarine-scaled-e1643229196907.jpg?resize=700%2C400&ssl=1 2x, https:\/\/i0.wp.com\/ibex-gin.ch\/wp-content\/uploads\/2021\/12\/Gin-Tonic-with-mandarine-scaled-e1643229196907.jpg?resize=1050%2C600&ssl=1 3x, https:\/\/i0.wp.com\/ibex-gin.ch\/wp-content\/uploads\/2021\/12\/Gin-Tonic-with-mandarine-scaled-e1643229196907.jpg?resize=1400%2C800&ssl=1 4x"},"classes":[]},{"id":28956,"url":"https:\/\/ibex-gin.ch\/politique-de-confidentialite\/","url_meta":{"origin":29311,"position":4},"title":"Politique de confidentialit\u00e9","author":"Dumont Oscar","date":"5. Februar 2022","format":false,"excerpt":"Qui sommes-nous\u00a0? L\u2019adresse de notre site est\u00a0: https:\/\/ibex-gin.ch. Commentaires Quand vous laissez un commentaire sur notre site, les donn\u00e9es inscrites dans le formulaire de commentaire, ainsi que votre adresse IP et l\u2019agent utilisateur de votre navigateur sont collect\u00e9s pour nous aider \u00e0 la d\u00e9tection des commentaires ind\u00e9sirables. Une cha\u00eene anonymis\u00e9e\u2026","rel":"","context":"\u00c4hnlicher Beitrag","block_context":{"text":"\u00c4hnlicher Beitrag","link":""},"img":{"alt_text":"","src":"","width":0,"height":0},"classes":[]},{"id":29314,"url":"https:\/\/ibex-gin.ch\/en\/privacy-policy\/","url_meta":{"origin":29311,"position":5},"title":"Privacy Policy","author":"Dumont Oscar","date":"5. Februar 2022","format":false,"excerpt":"Who are we ? The address of our site is: https:\/\/ibex-gin.ch. Comments When you leave a comment on our site, the data entered in the comment form, as well as your IP address and the user agent of your browser are collected to help us detect unwanted comments. An anonymized\u2026","rel":"","context":"\u00c4hnlicher Beitrag","block_context":{"text":"\u00c4hnlicher Beitrag","link":""},"img":{"alt_text":"","src":"","width":0,"height":0},"classes":[]}],"jetpack_likes_enabled":true,"jetpack_sharing_enabled":true,"_links":{"self":[{"href":"https:\/\/ibex-gin.ch\/de\/wp-json\/wp\/v2\/pages\/29311","targetHints":{"allow":["GET"]}}],"collection":[{"href":"https:\/\/ibex-gin.ch\/de\/wp-json\/wp\/v2\/pages"}],"about":[{"href":"https:\/\/ibex-gin.ch\/de\/wp-json\/wp\/v2\/types\/page"}],"author":[{"embeddable":true,"href":"https:\/\/ibex-gin.ch\/de\/wp-json\/wp\/v2\/users\/1"}],"replies":[{"embeddable":true,"href":"https:\/\/ibex-gin.ch\/de\/wp-json\/wp\/v2\/comments?post=29311"}],"version-history":[{"count":1,"href":"https:\/\/ibex-gin.ch\/de\/wp-json\/wp\/v2\/pages\/29311\/revisions"}],"predecessor-version":[{"id":29313,"href":"https:\/\/ibex-gin.ch\/de\/wp-json\/wp\/v2\/pages\/29311\/revisions\/29313"}],"wp:attachment":[{"href":"https:\/\/ibex-gin.ch\/de\/wp-json\/wp\/v2\/media?parent=29311"}],"curies":[{"name":"wp","href":"https:\/\/api.w.org\/{rel}","templated":true}]}}